{"id":18847,"date":"2025-07-16T11:07:56","date_gmt":"2025-07-16T09:07:56","guid":{"rendered":"https:\/\/uj.adatbank.ro\/lexikon\/termek\/racz-janos\/"},"modified":"2025-07-16T11:07:56","modified_gmt":"2025-07-16T09:07:56","slug":"racz-janos","status":"publish","type":"product","link":"https:\/\/uj.adatbank.ro\/lexikon\/termek\/racz-janos\/","title":{"rendered":"R\u00c1CZ J\u00e1nos"},"content":{"rendered":"<p>? \u2020 1870.? : ?. \u2013 Feles\u00e9ge: Balogh Zsuzs\u00e1nna (1828.? \u2013 Mv., 1885. nov. 5.), testv\u00e9re Balogh Ad\u00e9l, f\u00e9rje: Hayn Lajos, a mv.-i \u00edt\u00e9l\u0151 t\u00e1blai aligazgat\u00f3. <br \/><strong>Irod.:<\/strong> Gy\u00e1szjelent\u0151<\/br><\/p>\n","protected":false},"excerpt":{"rendered":"<p>? \u2020 1870.? : ?. \u2013 Feles\u00e9ge: Balogh Zsuzs\u00e1nna (1828.? \u2013 Mv., 1885. nov. 5.), testv\u00e9re Balogh Ad\u00e9l, f\u00e9rje: Hayn Lajos, a mv.-i \u00edt\u00e9l\u0151 t\u00e1blai aligazgat\u00f3. Irod.: Gy\u00e1szjelent\u0151<\/p>\n","protected":false},"featured_media":0,"comment_status":"open","ping_status":"closed","template":"","meta":[],"product_brand":[],"product_cat":[137],"product_tag":[],"class_list":{"0":"post-18847","1":"product","2":"type-product","3":"status-publish","5":"product_cat-maros-megyei-eletrajzi-lexikon","7":"first","8":"instock","9":"shipping-taxable","10":"product-type-simple"},"_links":{"self":[{"href":"https:\/\/uj.adatbank.ro\/lexikon\/wp-json\/wp\/v2\/product\/18847","targetHints":{"allow":["GET"]}}],"collection":[{"href":"https:\/\/uj.adatbank.ro\/lexikon\/wp-json\/wp\/v2\/product"}],"about":[{"href":"https:\/\/uj.adatbank.ro\/lexikon\/wp-json\/wp\/v2\/types\/product"}],"replies":[{"embeddable":true,"href":"https:\/\/uj.adatbank.ro\/lexikon\/wp-json\/wp\/v2\/comments?post=18847"}],"wp:attachment":[{"href":"https:\/\/uj.adatbank.ro\/lexikon\/wp-json\/wp\/v2\/media?parent=18847"}],"wp:term":[{"taxonomy":"product_brand","embeddable":true,"href":"https:\/\/uj.adatbank.ro\/lexikon\/wp-json\/wp\/v2\/product_brand?post=18847"},{"taxonomy":"product_cat","embeddable":true,"href":"https:\/\/uj.adatbank.ro\/lexikon\/wp-json\/wp\/v2\/product_cat?post=18847"},{"taxonomy":"product_tag","embeddable":true,"href":"https:\/\/uj.adatbank.ro\/lexikon\/wp-json\/wp\/v2\/product_tag?post=18847"}],"curies":[{"name":"wp","href":"https:\/\/api.w.org\/{rel}","templated":true}]}}