{"id":18848,"date":"2025-07-16T11:07:59","date_gmt":"2025-07-16T09:07:59","guid":{"rendered":"https:\/\/uj.adatbank.ro\/lexikon\/termek\/racz-janos-2\/"},"modified":"2025-07-16T11:07:59","modified_gmt":"2025-07-16T09:07:59","slug":"racz-janos-2","status":"publish","type":"product","link":"https:\/\/uj.adatbank.ro\/lexikon\/termek\/racz-janos-2\/","title":{"rendered":"R\u00c1CZ J\u00e1nos"},"content":{"rendered":"<p>Erd\u0151szentgy\u00f6rgy, 1895. j\u00fan.11., \u2020 ? : orvos. \u2013 Mv.-en a Ref. Koll.-ban Kv.-on a FJTE-en (1916\u201319). <br \/><strong>Irod.:<\/strong> Sigmirean<\/br><\/p>\n","protected":false},"excerpt":{"rendered":"<p>Erd\u0151szentgy\u00f6rgy, 1895. j\u00fan.11., \u2020 ? : orvos. \u2013 Mv.-en a Ref. Koll.-ban Kv.-on a FJTE-en (1916\u201319). Irod.: Sigmirean<\/p>\n","protected":false},"featured_media":0,"comment_status":"open","ping_status":"closed","template":"","meta":[],"product_brand":[],"product_cat":[137],"product_tag":[],"class_list":{"0":"post-18848","1":"product","2":"type-product","3":"status-publish","5":"product_cat-maros-megyei-eletrajzi-lexikon","7":"first","8":"instock","9":"shipping-taxable","10":"product-type-simple"},"_links":{"self":[{"href":"https:\/\/uj.adatbank.ro\/lexikon\/wp-json\/wp\/v2\/product\/18848","targetHints":{"allow":["GET"]}}],"collection":[{"href":"https:\/\/uj.adatbank.ro\/lexikon\/wp-json\/wp\/v2\/product"}],"about":[{"href":"https:\/\/uj.adatbank.ro\/lexikon\/wp-json\/wp\/v2\/types\/product"}],"replies":[{"embeddable":true,"href":"https:\/\/uj.adatbank.ro\/lexikon\/wp-json\/wp\/v2\/comments?post=18848"}],"wp:attachment":[{"href":"https:\/\/uj.adatbank.ro\/lexikon\/wp-json\/wp\/v2\/media?parent=18848"}],"wp:term":[{"taxonomy":"product_brand","embeddable":true,"href":"https:\/\/uj.adatbank.ro\/lexikon\/wp-json\/wp\/v2\/product_brand?post=18848"},{"taxonomy":"product_cat","embeddable":true,"href":"https:\/\/uj.adatbank.ro\/lexikon\/wp-json\/wp\/v2\/product_cat?post=18848"},{"taxonomy":"product_tag","embeddable":true,"href":"https:\/\/uj.adatbank.ro\/lexikon\/wp-json\/wp\/v2\/product_tag?post=18848"}],"curies":[{"name":"wp","href":"https:\/\/api.w.org\/{rel}","templated":true}]}}