{"id":18850,"date":"2025-07-16T11:08:03","date_gmt":"2025-07-16T09:08:03","guid":{"rendered":"https:\/\/uj.adatbank.ro\/lexikon\/termek\/racz-jeno\/"},"modified":"2025-07-16T11:08:03","modified_gmt":"2025-07-16T09:08:03","slug":"racz-jeno","status":"publish","type":"product","link":"https:\/\/uj.adatbank.ro\/lexikon\/termek\/racz-jeno\/","title":{"rendered":"R\u00c1CZ Jen\u0151"},"content":{"rendered":"<p>1927.,\u2020 Mv.,2022.m\u00e1j: 28. tan\u00e1r. \u2013 Mv.-en biol\u00f3giatan\u00e1r, a 10-es iskola volt igazgat\u00f3ja. Az als\u00f3csern\u00e1toni ref. temet\u0151be temett\u00e9k. <br \/><strong>Irod.:<\/strong> Nekrol\u00f3g (N\u00fa., 2022. m\u00e1j.31)<\/br><\/p>\n","protected":false},"excerpt":{"rendered":"<p>1927.,\u2020 Mv.,2022.m\u00e1j: 28. tan\u00e1r. \u2013 Mv.-en biol\u00f3giatan\u00e1r, a 10-es iskola volt igazgat\u00f3ja. Az als\u00f3csern\u00e1toni ref. temet\u0151be temett\u00e9k. Irod.: Nekrol\u00f3g (N\u00fa., 2022. m\u00e1j.31)<\/p>\n","protected":false},"featured_media":0,"comment_status":"open","ping_status":"closed","template":"","meta":[],"product_brand":[],"product_cat":[137],"product_tag":[],"class_list":{"0":"post-18850","1":"product","2":"type-product","3":"status-publish","5":"product_cat-maros-megyei-eletrajzi-lexikon","7":"first","8":"instock","9":"shipping-taxable","10":"product-type-simple"},"_links":{"self":[{"href":"https:\/\/uj.adatbank.ro\/lexikon\/wp-json\/wp\/v2\/product\/18850","targetHints":{"allow":["GET"]}}],"collection":[{"href":"https:\/\/uj.adatbank.ro\/lexikon\/wp-json\/wp\/v2\/product"}],"about":[{"href":"https:\/\/uj.adatbank.ro\/lexikon\/wp-json\/wp\/v2\/types\/product"}],"replies":[{"embeddable":true,"href":"https:\/\/uj.adatbank.ro\/lexikon\/wp-json\/wp\/v2\/comments?post=18850"}],"wp:attachment":[{"href":"https:\/\/uj.adatbank.ro\/lexikon\/wp-json\/wp\/v2\/media?parent=18850"}],"wp:term":[{"taxonomy":"product_brand","embeddable":true,"href":"https:\/\/uj.adatbank.ro\/lexikon\/wp-json\/wp\/v2\/product_brand?post=18850"},{"taxonomy":"product_cat","embeddable":true,"href":"https:\/\/uj.adatbank.ro\/lexikon\/wp-json\/wp\/v2\/product_cat?post=18850"},{"taxonomy":"product_tag","embeddable":true,"href":"https:\/\/uj.adatbank.ro\/lexikon\/wp-json\/wp\/v2\/product_tag?post=18850"}],"curies":[{"name":"wp","href":"https:\/\/api.w.org\/{rel}","templated":true}]}}