{"id":18851,"date":"2025-07-16T11:08:05","date_gmt":"2025-07-16T09:08:05","guid":{"rendered":"https:\/\/uj.adatbank.ro\/lexikon\/termek\/racz-jozsef\/"},"modified":"2025-07-16T11:08:05","modified_gmt":"2025-07-16T09:08:05","slug":"racz-jozsef","status":"publish","type":"product","link":"https:\/\/uj.adatbank.ro\/lexikon\/termek\/racz-jozsef\/","title":{"rendered":"R\u00c1CZ J\u00f3zsef"},"content":{"rendered":"<p>? \u2020\u00a0?: tan\u00edt\u00f3. \u2013 Sikl\u00f3don volt tan\u00edt\u00f3, majd Szov\u00e1t\u00e1n a ref. iskol\u00e1ban (1896. nov. 19.\u20131897. dec. 6.) l\u00e1tta el a tan\u00edt\u00f3i, k\u00e1ntori \u00e9s papi teend\u0151ket. <br \/><strong>Irod.:<\/strong> Szov\u00e1ta<\/br><\/p>\n","protected":false},"excerpt":{"rendered":"<p>? \u2020\u00a0?: tan\u00edt\u00f3. \u2013 Sikl\u00f3don volt tan\u00edt\u00f3, majd Szov\u00e1t\u00e1n a ref. iskol\u00e1ban (1896. nov. 19.\u20131897. dec. 6.) l\u00e1tta el a tan\u00edt\u00f3i, k\u00e1ntori \u00e9s papi teend\u0151ket. Irod.: Szov\u00e1ta<\/p>\n","protected":false},"featured_media":0,"comment_status":"open","ping_status":"closed","template":"","meta":[],"product_brand":[],"product_cat":[137],"product_tag":[],"class_list":{"0":"post-18851","1":"product","2":"type-product","3":"status-publish","5":"product_cat-maros-megyei-eletrajzi-lexikon","7":"first","8":"instock","9":"shipping-taxable","10":"product-type-simple"},"_links":{"self":[{"href":"https:\/\/uj.adatbank.ro\/lexikon\/wp-json\/wp\/v2\/product\/18851","targetHints":{"allow":["GET"]}}],"collection":[{"href":"https:\/\/uj.adatbank.ro\/lexikon\/wp-json\/wp\/v2\/product"}],"about":[{"href":"https:\/\/uj.adatbank.ro\/lexikon\/wp-json\/wp\/v2\/types\/product"}],"replies":[{"embeddable":true,"href":"https:\/\/uj.adatbank.ro\/lexikon\/wp-json\/wp\/v2\/comments?post=18851"}],"wp:attachment":[{"href":"https:\/\/uj.adatbank.ro\/lexikon\/wp-json\/wp\/v2\/media?parent=18851"}],"wp:term":[{"taxonomy":"product_brand","embeddable":true,"href":"https:\/\/uj.adatbank.ro\/lexikon\/wp-json\/wp\/v2\/product_brand?post=18851"},{"taxonomy":"product_cat","embeddable":true,"href":"https:\/\/uj.adatbank.ro\/lexikon\/wp-json\/wp\/v2\/product_cat?post=18851"},{"taxonomy":"product_tag","embeddable":true,"href":"https:\/\/uj.adatbank.ro\/lexikon\/wp-json\/wp\/v2\/product_tag?post=18851"}],"curies":[{"name":"wp","href":"https:\/\/api.w.org\/{rel}","templated":true}]}}