{"id":18855,"date":"2025-07-16T11:08:17","date_gmt":"2025-07-16T09:08:17","guid":{"rendered":"https:\/\/uj.adatbank.ro\/lexikon\/termek\/racz-lajos\/"},"modified":"2025-07-16T11:08:17","modified_gmt":"2025-07-16T09:08:17","slug":"racz-lajos","status":"publish","type":"product","link":"https:\/\/uj.adatbank.ro\/lexikon\/termek\/racz-lajos\/","title":{"rendered":"R\u00c1CZ Lajos"},"content":{"rendered":"<p>? \u2020\u00a0?: dr.\u00a0:az Iparkamara f\u0151titk\u00e1ra. \u2013 Felsz\u00f3lalt a Cs\u00edkv\u00e1rmegyei Iparfejleszt\u0151 bizotts\u00e1g \u00e1ltal rendezett vitaesten (1914) Gyergy\u00f3szentmikl\u00f3son. A Kereskedelmi \u00e9s Iparkamara f\u0151titk\u00e1ra (1919). Mo.-ra r\u00e1vozott (1920). <br \/><strong>Irod.:<\/strong> Barab\u00e1s Gergely\u00a0: Csikv\u00e1rmegye m\u00e1rv\u00e1nyipara (Mv., 1914). Id\u0151t\u00e1r 3<\/br><\/p>\n","protected":false},"excerpt":{"rendered":"<p>? \u2020\u00a0?: dr.\u00a0:az Iparkamara f\u0151titk\u00e1ra. \u2013 Felsz\u00f3lalt a Cs\u00edkv\u00e1rmegyei Iparfejleszt\u0151 bizotts\u00e1g \u00e1ltal rendezett vitaesten (1914) Gyergy\u00f3szentmikl\u00f3son. A Kereskedelmi \u00e9s Iparkamara f\u0151titk\u00e1ra (1919). Mo.-ra r\u00e1vozott (1920). Irod.: Barab\u00e1s Gergely\u00a0: Csikv\u00e1rmegye m\u00e1rv\u00e1nyipara (Mv., 1914). Id\u0151t\u00e1r 3<\/p>\n","protected":false},"featured_media":0,"comment_status":"open","ping_status":"closed","template":"","meta":[],"product_brand":[],"product_cat":[137],"product_tag":[],"class_list":{"0":"post-18855","1":"product","2":"type-product","3":"status-publish","5":"product_cat-maros-megyei-eletrajzi-lexikon","7":"first","8":"instock","9":"shipping-taxable","10":"product-type-simple"},"_links":{"self":[{"href":"https:\/\/uj.adatbank.ro\/lexikon\/wp-json\/wp\/v2\/product\/18855","targetHints":{"allow":["GET"]}}],"collection":[{"href":"https:\/\/uj.adatbank.ro\/lexikon\/wp-json\/wp\/v2\/product"}],"about":[{"href":"https:\/\/uj.adatbank.ro\/lexikon\/wp-json\/wp\/v2\/types\/product"}],"replies":[{"embeddable":true,"href":"https:\/\/uj.adatbank.ro\/lexikon\/wp-json\/wp\/v2\/comments?post=18855"}],"wp:attachment":[{"href":"https:\/\/uj.adatbank.ro\/lexikon\/wp-json\/wp\/v2\/media?parent=18855"}],"wp:term":[{"taxonomy":"product_brand","embeddable":true,"href":"https:\/\/uj.adatbank.ro\/lexikon\/wp-json\/wp\/v2\/product_brand?post=18855"},{"taxonomy":"product_cat","embeddable":true,"href":"https:\/\/uj.adatbank.ro\/lexikon\/wp-json\/wp\/v2\/product_cat?post=18855"},{"taxonomy":"product_tag","embeddable":true,"href":"https:\/\/uj.adatbank.ro\/lexikon\/wp-json\/wp\/v2\/product_tag?post=18855"}],"curies":[{"name":"wp","href":"https:\/\/api.w.org\/{rel}","templated":true}]}}