{"id":18860,"date":"2025-07-16T11:08:31","date_gmt":"2025-07-16T09:08:31","guid":{"rendered":"https:\/\/uj.adatbank.ro\/lexikon\/termek\/racz-tibor\/"},"modified":"2025-07-16T11:08:31","modified_gmt":"2025-07-16T09:08:31","slug":"racz-tibor","status":"publish","type":"product","link":"https:\/\/uj.adatbank.ro\/lexikon\/termek\/racz-tibor\/","title":{"rendered":"R\u00c1CZ Tibor"},"content":{"rendered":"<p>Brass\u00f3, 1935. j\u00fal. 7. \u2020\u00a01997.: orvos. \u2013 Mv.-en a magyar fi\u00falic.-ban \u00e9s a MOGYE orvoskar\u00e1n tanult. Gyermekgy\u00f3gy\u00e1sz Gyulakut\u00e1n, k\u00e9s\u0151bb Sz\u00e9kelykereszt\u00far, Gyergy\u00f3szentmikl\u00f3s, Nagyv\u00e1rad, Tiszaf\u00fcred, Budapest a munkahelye. <br \/><strong>Irod.:<\/strong> MOGYE<\/br><\/p>\n","protected":false},"excerpt":{"rendered":"<p>Brass\u00f3, 1935. j\u00fal. 7. \u2020\u00a01997.: orvos. \u2013 Mv.-en a magyar fi\u00falic.-ban \u00e9s a MOGYE orvoskar\u00e1n tanult. Gyermekgy\u00f3gy\u00e1sz Gyulakut\u00e1n, k\u00e9s\u0151bb Sz\u00e9kelykereszt\u00far, Gyergy\u00f3szentmikl\u00f3s, Nagyv\u00e1rad, Tiszaf\u00fcred, Budapest a munkahelye. Irod.: MOGYE<\/p>\n","protected":false},"featured_media":0,"comment_status":"open","ping_status":"closed","template":"","meta":[],"product_brand":[],"product_cat":[137],"product_tag":[],"class_list":{"0":"post-18860","1":"product","2":"type-product","3":"status-publish","5":"product_cat-maros-megyei-eletrajzi-lexikon","7":"first","8":"instock","9":"shipping-taxable","10":"product-type-simple"},"_links":{"self":[{"href":"https:\/\/uj.adatbank.ro\/lexikon\/wp-json\/wp\/v2\/product\/18860","targetHints":{"allow":["GET"]}}],"collection":[{"href":"https:\/\/uj.adatbank.ro\/lexikon\/wp-json\/wp\/v2\/product"}],"about":[{"href":"https:\/\/uj.adatbank.ro\/lexikon\/wp-json\/wp\/v2\/types\/product"}],"replies":[{"embeddable":true,"href":"https:\/\/uj.adatbank.ro\/lexikon\/wp-json\/wp\/v2\/comments?post=18860"}],"wp:attachment":[{"href":"https:\/\/uj.adatbank.ro\/lexikon\/wp-json\/wp\/v2\/media?parent=18860"}],"wp:term":[{"taxonomy":"product_brand","embeddable":true,"href":"https:\/\/uj.adatbank.ro\/lexikon\/wp-json\/wp\/v2\/product_brand?post=18860"},{"taxonomy":"product_cat","embeddable":true,"href":"https:\/\/uj.adatbank.ro\/lexikon\/wp-json\/wp\/v2\/product_cat?post=18860"},{"taxonomy":"product_tag","embeddable":true,"href":"https:\/\/uj.adatbank.ro\/lexikon\/wp-json\/wp\/v2\/product_tag?post=18860"}],"curies":[{"name":"wp","href":"https:\/\/api.w.org\/{rel}","templated":true}]}}