{"id":18862,"date":"2025-07-16T11:08:36","date_gmt":"2025-07-16T09:08:36","guid":{"rendered":"https:\/\/uj.adatbank.ro\/lexikon\/termek\/racz-vince\/"},"modified":"2025-07-16T11:08:36","modified_gmt":"2025-07-16T09:08:36","slug":"racz-vince","status":"publish","type":"product","link":"https:\/\/uj.adatbank.ro\/lexikon\/termek\/racz-vince\/","title":{"rendered":"R\u00c1CZ Vince"},"content":{"rendered":"<p>Ozsdola, 1896. nov. 1., \u2020 Gyimesk\u00f6z\u00e9plok, 1966. dec. 6.: r. k. pap. \u2013 K\u00e9zdiv\u00e1s\u00e1rhelyen \u00e9s Gyulafeh\u00e9rv\u00e1ron tanult, ahol papp\u00e1 szentelt\u00e9k (1924. j\u00fal. 6.). T\u00f6bb helyen szolg\u00e1lt. Mv.-en k\u00e1pl\u00e1n (1925\u201329). <br \/><strong>Irod.:<\/strong> Ferenczi S\u00e1ndor 2009<\/br><\/p>\n","protected":false},"excerpt":{"rendered":"<p>Ozsdola, 1896. nov. 1., \u2020 Gyimesk\u00f6z\u00e9plok, 1966. dec. 6.: r. k. pap. \u2013 K\u00e9zdiv\u00e1s\u00e1rhelyen \u00e9s Gyulafeh\u00e9rv\u00e1ron tanult, ahol papp\u00e1 szentelt\u00e9k (1924. j\u00fal. 6.). T\u00f6bb helyen szolg\u00e1lt. Mv.-en k\u00e1pl\u00e1n (1925\u201329). Irod.: Ferenczi S\u00e1ndor 2009<\/p>\n","protected":false},"featured_media":0,"comment_status":"open","ping_status":"closed","template":"","meta":[],"product_brand":[],"product_cat":[137],"product_tag":[],"class_list":{"0":"post-18862","1":"product","2":"type-product","3":"status-publish","5":"product_cat-maros-megyei-eletrajzi-lexikon","7":"first","8":"instock","9":"shipping-taxable","10":"product-type-simple"},"_links":{"self":[{"href":"https:\/\/uj.adatbank.ro\/lexikon\/wp-json\/wp\/v2\/product\/18862","targetHints":{"allow":["GET"]}}],"collection":[{"href":"https:\/\/uj.adatbank.ro\/lexikon\/wp-json\/wp\/v2\/product"}],"about":[{"href":"https:\/\/uj.adatbank.ro\/lexikon\/wp-json\/wp\/v2\/types\/product"}],"replies":[{"embeddable":true,"href":"https:\/\/uj.adatbank.ro\/lexikon\/wp-json\/wp\/v2\/comments?post=18862"}],"wp:attachment":[{"href":"https:\/\/uj.adatbank.ro\/lexikon\/wp-json\/wp\/v2\/media?parent=18862"}],"wp:term":[{"taxonomy":"product_brand","embeddable":true,"href":"https:\/\/uj.adatbank.ro\/lexikon\/wp-json\/wp\/v2\/product_brand?post=18862"},{"taxonomy":"product_cat","embeddable":true,"href":"https:\/\/uj.adatbank.ro\/lexikon\/wp-json\/wp\/v2\/product_cat?post=18862"},{"taxonomy":"product_tag","embeddable":true,"href":"https:\/\/uj.adatbank.ro\/lexikon\/wp-json\/wp\/v2\/product_tag?post=18862"}],"curies":[{"name":"wp","href":"https:\/\/api.w.org\/{rel}","templated":true}]}}