{"id":18867,"date":"2025-07-16T11:08:46","date_gmt":"2025-07-16T09:08:46","guid":{"rendered":"https:\/\/uj.adatbank.ro\/lexikon\/termek\/rad-jozsef\/"},"modified":"2025-07-16T11:08:46","modified_gmt":"2025-07-16T09:08:46","slug":"rad-jozsef","status":"publish","type":"product","link":"https:\/\/uj.adatbank.ro\/lexikon\/termek\/rad-jozsef\/","title":{"rendered":"R\u00c1D J\u00f3zsef"},"content":{"rendered":"<p>Abaf\u00e1ja, 1905., \u2020\u00a0? : gazd\u00e1lkod\u00f3. \u2013 Sz\u00fcl\u00f6faluj\u00e1ban 7 holdon gazd\u00e1lkodott, haszon\u00e1llatokat is teny\u00e9sztett. A ref. egyh\u00e1z presbitere, a k\u00f6zs\u00e9g p\u00e9nzt\u00e1rosa volt (1940\u2013). A hazafias \u00e9s kultur\u00e1lis egyes\u00fcletek tagja volt. <br \/><strong>Irod.:<\/strong> Sz\u00e9kelyf\u00f6ld \u00ed.k.<\/br><\/p>\n","protected":false},"excerpt":{"rendered":"<p>Abaf\u00e1ja, 1905., \u2020\u00a0? : gazd\u00e1lkod\u00f3. \u2013 Sz\u00fcl\u00f6faluj\u00e1ban 7 holdon gazd\u00e1lkodott, haszon\u00e1llatokat is teny\u00e9sztett. A ref. egyh\u00e1z presbitere, a k\u00f6zs\u00e9g p\u00e9nzt\u00e1rosa volt (1940\u2013). A hazafias \u00e9s kultur\u00e1lis egyes\u00fcletek tagja volt. Irod.: Sz\u00e9kelyf\u00f6ld \u00ed.k.<\/p>\n","protected":false},"featured_media":0,"comment_status":"open","ping_status":"closed","template":"","meta":[],"product_brand":[],"product_cat":[137],"product_tag":[],"class_list":{"0":"post-18867","1":"product","2":"type-product","3":"status-publish","5":"product_cat-maros-megyei-eletrajzi-lexikon","7":"first","8":"instock","9":"shipping-taxable","10":"product-type-simple"},"_links":{"self":[{"href":"https:\/\/uj.adatbank.ro\/lexikon\/wp-json\/wp\/v2\/product\/18867","targetHints":{"allow":["GET"]}}],"collection":[{"href":"https:\/\/uj.adatbank.ro\/lexikon\/wp-json\/wp\/v2\/product"}],"about":[{"href":"https:\/\/uj.adatbank.ro\/lexikon\/wp-json\/wp\/v2\/types\/product"}],"replies":[{"embeddable":true,"href":"https:\/\/uj.adatbank.ro\/lexikon\/wp-json\/wp\/v2\/comments?post=18867"}],"wp:attachment":[{"href":"https:\/\/uj.adatbank.ro\/lexikon\/wp-json\/wp\/v2\/media?parent=18867"}],"wp:term":[{"taxonomy":"product_brand","embeddable":true,"href":"https:\/\/uj.adatbank.ro\/lexikon\/wp-json\/wp\/v2\/product_brand?post=18867"},{"taxonomy":"product_cat","embeddable":true,"href":"https:\/\/uj.adatbank.ro\/lexikon\/wp-json\/wp\/v2\/product_cat?post=18867"},{"taxonomy":"product_tag","embeddable":true,"href":"https:\/\/uj.adatbank.ro\/lexikon\/wp-json\/wp\/v2\/product_tag?post=18867"}],"curies":[{"name":"wp","href":"https:\/\/api.w.org\/{rel}","templated":true}]}}