{"id":18869,"date":"2025-07-16T11:08:51","date_gmt":"2025-07-16T09:08:51","guid":{"rendered":"https:\/\/uj.adatbank.ro\/lexikon\/termek\/rad-sandor-%c2%a7-rad-al-zoltan\/"},"modified":"2025-07-16T11:08:51","modified_gmt":"2025-07-16T09:08:51","slug":"rad-sandor-%c2%a7-rad-al-zoltan","status":"publish","type":"product","link":"https:\/\/uj.adatbank.ro\/lexikon\/termek\/rad-sandor-%c2%a7-rad-al-zoltan\/","title":{"rendered":"RAD S\u00e1ndor, \u00a7 Rad Al. Zolt\u00e1n"},"content":{"rendered":"<p>1934.? \u2020\u00a0Mv., 1996. j\u00fan. 18.\u00a0?\u00a0: s\u00falyemel\u0151 edz\u0151. \u2013 <strong>F. m.:<\/strong> Jubileumok, sorsok, emberek (Mv., 1996). <br \/><strong>Irod.:<\/strong> [Nekrol\u00f3g] (N\u00fa., 1996. j\u00fan. 20.)<\/br><\/p>\n","protected":false},"excerpt":{"rendered":"<p>1934.? \u2020\u00a0Mv., 1996. j\u00fan. 18.\u00a0?\u00a0: s\u00falyemel\u0151 edz\u0151. \u2013 F. m.: Jubileumok, sorsok, emberek (Mv., 1996). Irod.: [Nekrol\u00f3g] (N\u00fa., 1996. j\u00fan. 20.)<\/p>\n","protected":false},"featured_media":0,"comment_status":"open","ping_status":"closed","template":"","meta":[],"product_brand":[],"product_cat":[137],"product_tag":[],"class_list":{"0":"post-18869","1":"product","2":"type-product","3":"status-publish","5":"product_cat-maros-megyei-eletrajzi-lexikon","7":"first","8":"instock","9":"shipping-taxable","10":"product-type-simple"},"_links":{"self":[{"href":"https:\/\/uj.adatbank.ro\/lexikon\/wp-json\/wp\/v2\/product\/18869","targetHints":{"allow":["GET"]}}],"collection":[{"href":"https:\/\/uj.adatbank.ro\/lexikon\/wp-json\/wp\/v2\/product"}],"about":[{"href":"https:\/\/uj.adatbank.ro\/lexikon\/wp-json\/wp\/v2\/types\/product"}],"replies":[{"embeddable":true,"href":"https:\/\/uj.adatbank.ro\/lexikon\/wp-json\/wp\/v2\/comments?post=18869"}],"wp:attachment":[{"href":"https:\/\/uj.adatbank.ro\/lexikon\/wp-json\/wp\/v2\/media?parent=18869"}],"wp:term":[{"taxonomy":"product_brand","embeddable":true,"href":"https:\/\/uj.adatbank.ro\/lexikon\/wp-json\/wp\/v2\/product_brand?post=18869"},{"taxonomy":"product_cat","embeddable":true,"href":"https:\/\/uj.adatbank.ro\/lexikon\/wp-json\/wp\/v2\/product_cat?post=18869"},{"taxonomy":"product_tag","embeddable":true,"href":"https:\/\/uj.adatbank.ro\/lexikon\/wp-json\/wp\/v2\/product_tag?post=18869"}],"curies":[{"name":"wp","href":"https:\/\/api.w.org\/{rel}","templated":true}]}}