{"id":1887,"date":"2025-06-28T11:56:38","date_gmt":"2025-06-28T09:56:38","guid":{"rendered":"https:\/\/uj.adatbank.ro\/lexikon\/termek\/bako-jeno\/"},"modified":"2025-06-28T11:56:38","modified_gmt":"2025-06-28T09:56:38","slug":"bako-jeno","status":"publish","type":"product","link":"https:\/\/uj.adatbank.ro\/lexikon\/termek\/bako-jeno\/","title":{"rendered":"BAK\u00d3 Jen\u0151"},"content":{"rendered":"<p>1928., \u2020 Sz\u00e9kelyudvarhely, 1998. jan. 6.: tan\u00e1r. \u2013Tan\u00edtott V\u00e1mosg\u00e1lfalv\u00e1n, a sz\u0151kefalvi iskola ig.-ja volt. <br \/><strong>Irod.:<\/strong> MMK<\/br><\/p>\n","protected":false},"excerpt":{"rendered":"<p>1928., \u2020 Sz\u00e9kelyudvarhely, 1998. jan. 6.: tan\u00e1r. \u2013Tan\u00edtott V\u00e1mosg\u00e1lfalv\u00e1n, a sz\u0151kefalvi iskola ig.-ja volt. Irod.: MMK<\/p>\n","protected":false},"featured_media":0,"comment_status":"open","ping_status":"closed","template":"","meta":[],"product_brand":[],"product_cat":[137],"product_tag":[],"class_list":{"0":"post-1887","1":"product","2":"type-product","3":"status-publish","5":"product_cat-maros-megyei-eletrajzi-lexikon","7":"first","8":"instock","9":"shipping-taxable","10":"product-type-simple"},"_links":{"self":[{"href":"https:\/\/uj.adatbank.ro\/lexikon\/wp-json\/wp\/v2\/product\/1887","targetHints":{"allow":["GET"]}}],"collection":[{"href":"https:\/\/uj.adatbank.ro\/lexikon\/wp-json\/wp\/v2\/product"}],"about":[{"href":"https:\/\/uj.adatbank.ro\/lexikon\/wp-json\/wp\/v2\/types\/product"}],"replies":[{"embeddable":true,"href":"https:\/\/uj.adatbank.ro\/lexikon\/wp-json\/wp\/v2\/comments?post=1887"}],"wp:attachment":[{"href":"https:\/\/uj.adatbank.ro\/lexikon\/wp-json\/wp\/v2\/media?parent=1887"}],"wp:term":[{"taxonomy":"product_brand","embeddable":true,"href":"https:\/\/uj.adatbank.ro\/lexikon\/wp-json\/wp\/v2\/product_brand?post=1887"},{"taxonomy":"product_cat","embeddable":true,"href":"https:\/\/uj.adatbank.ro\/lexikon\/wp-json\/wp\/v2\/product_cat?post=1887"},{"taxonomy":"product_tag","embeddable":true,"href":"https:\/\/uj.adatbank.ro\/lexikon\/wp-json\/wp\/v2\/product_tag?post=1887"}],"curies":[{"name":"wp","href":"https:\/\/api.w.org\/{rel}","templated":true}]}}