{"id":18876,"date":"2025-07-16T11:09:05","date_gmt":"2025-07-16T09:09:05","guid":{"rendered":"https:\/\/uj.adatbank.ro\/lexikon\/termek\/radak-anna-magyarbenyei-br-teleki-domokosne\/"},"modified":"2025-07-16T11:09:05","modified_gmt":"2025-07-16T09:09:05","slug":"radak-anna-magyarbenyei-br-teleki-domokosne","status":"publish","type":"product","link":"https:\/\/uj.adatbank.ro\/lexikon\/termek\/radak-anna-magyarbenyei-br-teleki-domokosne\/","title":{"rendered":"RAD\u00c1K Anna, magyarb\u00e9nyei br.; Teleki Domokosn\u00e9"},"content":{"rendered":"<p>? 1836., \u2020\u00a0S\u00e1rpatak, 1864. szept. 11: birtokos. \u2013 R. Istv\u00e1n \u00e9s R\u00e9dei Kl\u00e1ra le\u00e1nya. \u2013 F\u00e9rjhez ment Teleki Domokos(1825\u20131897) ogy.-i k\u00e9pvisel\u0151h\u00f6z Nagyabony, 1855. Rad\u00e1k \u00c1d\u00e1m v\u00e9grendelete szerint a magyar\u00f3zdi kast\u00e9lyt \u00f6r\u00f6k\u00f6lte fia J\u00f3zsef Mih\u00e1ly (1859\u20131913). <br \/><strong>Irod.:<\/strong> Gudenus<\/br><\/p>\n","protected":false},"excerpt":{"rendered":"<p>? 1836., \u2020\u00a0S\u00e1rpatak, 1864. szept. 11: birtokos. \u2013 R. Istv\u00e1n \u00e9s R\u00e9dei Kl\u00e1ra le\u00e1nya. \u2013 F\u00e9rjhez ment Teleki Domokos(1825\u20131897) ogy.-i k\u00e9pvisel\u0151h\u00f6z Nagyabony, 1855. Rad\u00e1k \u00c1d\u00e1m v\u00e9grendelete szerint a magyar\u00f3zdi kast\u00e9lyt \u00f6r\u00f6k\u00f6lte fia J\u00f3zsef Mih\u00e1ly (1859\u20131913). Irod.: Gudenus<\/p>\n","protected":false},"featured_media":0,"comment_status":"open","ping_status":"closed","template":"","meta":[],"product_brand":[],"product_cat":[137],"product_tag":[],"class_list":{"0":"post-18876","1":"product","2":"type-product","3":"status-publish","5":"product_cat-maros-megyei-eletrajzi-lexikon","7":"first","8":"instock","9":"shipping-taxable","10":"product-type-simple"},"_links":{"self":[{"href":"https:\/\/uj.adatbank.ro\/lexikon\/wp-json\/wp\/v2\/product\/18876","targetHints":{"allow":["GET"]}}],"collection":[{"href":"https:\/\/uj.adatbank.ro\/lexikon\/wp-json\/wp\/v2\/product"}],"about":[{"href":"https:\/\/uj.adatbank.ro\/lexikon\/wp-json\/wp\/v2\/types\/product"}],"replies":[{"embeddable":true,"href":"https:\/\/uj.adatbank.ro\/lexikon\/wp-json\/wp\/v2\/comments?post=18876"}],"wp:attachment":[{"href":"https:\/\/uj.adatbank.ro\/lexikon\/wp-json\/wp\/v2\/media?parent=18876"}],"wp:term":[{"taxonomy":"product_brand","embeddable":true,"href":"https:\/\/uj.adatbank.ro\/lexikon\/wp-json\/wp\/v2\/product_brand?post=18876"},{"taxonomy":"product_cat","embeddable":true,"href":"https:\/\/uj.adatbank.ro\/lexikon\/wp-json\/wp\/v2\/product_cat?post=18876"},{"taxonomy":"product_tag","embeddable":true,"href":"https:\/\/uj.adatbank.ro\/lexikon\/wp-json\/wp\/v2\/product_tag?post=18876"}],"curies":[{"name":"wp","href":"https:\/\/api.w.org\/{rel}","templated":true}]}}