{"id":18877,"date":"2025-07-16T11:09:09","date_gmt":"2025-07-16T09:09:09","guid":{"rendered":"https:\/\/uj.adatbank.ro\/lexikon\/termek\/radak-balazs\/"},"modified":"2025-07-16T11:09:09","modified_gmt":"2025-07-16T09:09:09","slug":"radak-balazs","status":"publish","type":"product","link":"https:\/\/uj.adatbank.ro\/lexikon\/termek\/radak-balazs\/","title":{"rendered":"RAD\u00c1K Bal\u00e1zs"},"content":{"rendered":"<p>? \u2020\u00a0? : nemes. Testv\u00e9rei: Mih\u00e1ly, Istv\u00e1n \u00e9s Tam\u00e1s. Bud\u00e1n kelt oklev\u00e9llel II. Ul\u00e1szl\u00f3 kir\u00e1lyt\u00f3l c\u00edmert nyertek (Buda, 1514); ez az oklev\u00e9l kiemeli a csal\u00e1dnak nemesi \u00e1llapot\u00e1t \u00e9s harci \u00e9rdemeit. A csal\u00e1d Mo.-b\u00f3l Erd\u00e9lybe k\u00f6lt\u00f6z\u00f6tt. <br \/><strong>Irod.:<\/strong> Nagy Bod\u00f3 Tibor: A tat\u00e1rj\u00e1r\u00e1s el\u0151tti falu renesz\u00e1nsz kast\u00e9lya \u00e9s k\u00f6z\u00e9pkori temploma (K\u00f6zpont, 2016. m\u00e1j. 5\u201311.)<\/br><\/p>\n","protected":false},"excerpt":{"rendered":"<p>? \u2020\u00a0? : nemes. Testv\u00e9rei: Mih\u00e1ly, Istv\u00e1n \u00e9s Tam\u00e1s. Bud\u00e1n kelt oklev\u00e9llel II. Ul\u00e1szl\u00f3 kir\u00e1lyt\u00f3l c\u00edmert nyertek (Buda, 1514); ez az oklev\u00e9l kiemeli a csal\u00e1dnak nemesi \u00e1llapot\u00e1t \u00e9s harci \u00e9rdemeit. A csal\u00e1d Mo.-b\u00f3l Erd\u00e9lybe k\u00f6lt\u00f6z\u00f6tt. Irod.: Nagy Bod\u00f3 Tibor: A tat\u00e1rj\u00e1r\u00e1s el\u0151tti falu renesz\u00e1nsz kast\u00e9lya \u00e9s k\u00f6z\u00e9pkori temploma (K\u00f6zpont, 2016. m\u00e1j. 5\u201311.)<\/p>\n","protected":false},"featured_media":0,"comment_status":"open","ping_status":"closed","template":"","meta":[],"product_brand":[],"product_cat":[137],"product_tag":[],"class_list":{"0":"post-18877","1":"product","2":"type-product","3":"status-publish","5":"product_cat-maros-megyei-eletrajzi-lexikon","7":"first","8":"instock","9":"shipping-taxable","10":"product-type-simple"},"_links":{"self":[{"href":"https:\/\/uj.adatbank.ro\/lexikon\/wp-json\/wp\/v2\/product\/18877","targetHints":{"allow":["GET"]}}],"collection":[{"href":"https:\/\/uj.adatbank.ro\/lexikon\/wp-json\/wp\/v2\/product"}],"about":[{"href":"https:\/\/uj.adatbank.ro\/lexikon\/wp-json\/wp\/v2\/types\/product"}],"replies":[{"embeddable":true,"href":"https:\/\/uj.adatbank.ro\/lexikon\/wp-json\/wp\/v2\/comments?post=18877"}],"wp:attachment":[{"href":"https:\/\/uj.adatbank.ro\/lexikon\/wp-json\/wp\/v2\/media?parent=18877"}],"wp:term":[{"taxonomy":"product_brand","embeddable":true,"href":"https:\/\/uj.adatbank.ro\/lexikon\/wp-json\/wp\/v2\/product_brand?post=18877"},{"taxonomy":"product_cat","embeddable":true,"href":"https:\/\/uj.adatbank.ro\/lexikon\/wp-json\/wp\/v2\/product_cat?post=18877"},{"taxonomy":"product_tag","embeddable":true,"href":"https:\/\/uj.adatbank.ro\/lexikon\/wp-json\/wp\/v2\/product_tag?post=18877"}],"curies":[{"name":"wp","href":"https:\/\/api.w.org\/{rel}","templated":true}]}}