{"id":18879,"date":"2025-07-16T11:09:14","date_gmt":"2025-07-16T09:09:14","guid":{"rendered":"https:\/\/uj.adatbank.ro\/lexikon\/termek\/radak-istvan-magyarbenyei-br-2\/"},"modified":"2025-07-16T11:09:14","modified_gmt":"2025-07-16T09:09:14","slug":"radak-istvan-magyarbenyei-br-2","status":"publish","type":"product","link":"https:\/\/uj.adatbank.ro\/lexikon\/termek\/radak-istvan-magyarbenyei-br-2\/","title":{"rendered":"RAD\u00c1K Istv\u00e1n, magyarb\u00e9nyei br."},"content":{"rendered":"<p>1782. szept. 24., \u2020\u00a01865. aug. 27.: R. \u00c1d\u00e1m \u00e9s Kem\u00e9ny Drusi\u00e1na\/ Druzsi\u00e1nna fia. Feles\u00e9ge: kisrh\u00e9dei gr. Rh\u00e9dey Kl\u00e1ra (1832\u20131868. jan.).Halotti c\u00edmere a kv.-i Farkas utcai templomban. <br \/><strong>Irod.:<\/strong> Entz\u2013Kov\u00e1cs; Halotti besz\u00e9dek<\/br><\/p>\n","protected":false},"excerpt":{"rendered":"<p>1782. szept. 24., \u2020\u00a01865. aug. 27.: R. \u00c1d\u00e1m \u00e9s Kem\u00e9ny Drusi\u00e1na\/ Druzsi\u00e1nna fia. Feles\u00e9ge: kisrh\u00e9dei gr. Rh\u00e9dey Kl\u00e1ra (1832\u20131868. jan.).Halotti c\u00edmere a kv.-i Farkas utcai templomban. Irod.: Entz\u2013Kov\u00e1cs; Halotti besz\u00e9dek<\/p>\n","protected":false},"featured_media":0,"comment_status":"open","ping_status":"closed","template":"","meta":[],"product_brand":[],"product_cat":[137],"product_tag":[],"class_list":{"0":"post-18879","1":"product","2":"type-product","3":"status-publish","5":"product_cat-maros-megyei-eletrajzi-lexikon","7":"first","8":"instock","9":"shipping-taxable","10":"product-type-simple"},"_links":{"self":[{"href":"https:\/\/uj.adatbank.ro\/lexikon\/wp-json\/wp\/v2\/product\/18879","targetHints":{"allow":["GET"]}}],"collection":[{"href":"https:\/\/uj.adatbank.ro\/lexikon\/wp-json\/wp\/v2\/product"}],"about":[{"href":"https:\/\/uj.adatbank.ro\/lexikon\/wp-json\/wp\/v2\/types\/product"}],"replies":[{"embeddable":true,"href":"https:\/\/uj.adatbank.ro\/lexikon\/wp-json\/wp\/v2\/comments?post=18879"}],"wp:attachment":[{"href":"https:\/\/uj.adatbank.ro\/lexikon\/wp-json\/wp\/v2\/media?parent=18879"}],"wp:term":[{"taxonomy":"product_brand","embeddable":true,"href":"https:\/\/uj.adatbank.ro\/lexikon\/wp-json\/wp\/v2\/product_brand?post=18879"},{"taxonomy":"product_cat","embeddable":true,"href":"https:\/\/uj.adatbank.ro\/lexikon\/wp-json\/wp\/v2\/product_cat?post=18879"},{"taxonomy":"product_tag","embeddable":true,"href":"https:\/\/uj.adatbank.ro\/lexikon\/wp-json\/wp\/v2\/product_tag?post=18879"}],"curies":[{"name":"wp","href":"https:\/\/api.w.org\/{rel}","templated":true}]}}