{"id":18881,"date":"2025-07-16T11:09:18","date_gmt":"2025-07-16T09:09:18","guid":{"rendered":"https:\/\/uj.adatbank.ro\/lexikon\/termek\/radak-polixenia\/"},"modified":"2025-07-16T11:09:18","modified_gmt":"2025-07-16T09:09:18","slug":"radak-polixenia","status":"publish","type":"product","link":"https:\/\/uj.adatbank.ro\/lexikon\/termek\/radak-polixenia\/","title":{"rendered":"RAD\u00c1K Polixenia"},"content":{"rendered":"<p>1785. m\u00e1j. 21., \u2020 1803. szept. 11. \u2013 R. \u00c1d\u00e1m \u00e9s gyer\u0151monostori Kem\u00e9ny Drusi\u00e1na le\u00e1nya. \u00d6ngyilkos lett. <br \/><strong>Irod.:<\/strong> Farkas No\u00e9mi T\u00fcnde: Capulet-sors\u00fa erd\u00e9lyi l\u00e1ny a 18\u201319. sz\u00e1zad fordul\u00f3j\u00e1n (Korunk, 2. sz., 2011); Kis Istv\u00e1n: Rad\u00e1k Poliks\u00e9na hal\u00e1l\u00e1r\u00f3l k\u00e9sz\u00edtett versek (Kv., 1804)<\/br><\/p>\n","protected":false},"excerpt":{"rendered":"<p>1785. m\u00e1j. 21., \u2020 1803. szept. 11. \u2013 R. \u00c1d\u00e1m \u00e9s gyer\u0151monostori Kem\u00e9ny Drusi\u00e1na le\u00e1nya. \u00d6ngyilkos lett. Irod.: Farkas No\u00e9mi T\u00fcnde: Capulet-sors\u00fa erd\u00e9lyi l\u00e1ny a 18\u201319. sz\u00e1zad fordul\u00f3j\u00e1n (Korunk, 2. sz., 2011); Kis Istv\u00e1n: Rad\u00e1k Poliks\u00e9na hal\u00e1l\u00e1r\u00f3l k\u00e9sz\u00edtett versek (Kv., 1804)<\/p>\n","protected":false},"featured_media":0,"comment_status":"open","ping_status":"closed","template":"","meta":[],"product_brand":[],"product_cat":[137],"product_tag":[],"class_list":{"0":"post-18881","1":"product","2":"type-product","3":"status-publish","5":"product_cat-maros-megyei-eletrajzi-lexikon","7":"first","8":"instock","9":"shipping-taxable","10":"product-type-simple"},"_links":{"self":[{"href":"https:\/\/uj.adatbank.ro\/lexikon\/wp-json\/wp\/v2\/product\/18881","targetHints":{"allow":["GET"]}}],"collection":[{"href":"https:\/\/uj.adatbank.ro\/lexikon\/wp-json\/wp\/v2\/product"}],"about":[{"href":"https:\/\/uj.adatbank.ro\/lexikon\/wp-json\/wp\/v2\/types\/product"}],"replies":[{"embeddable":true,"href":"https:\/\/uj.adatbank.ro\/lexikon\/wp-json\/wp\/v2\/comments?post=18881"}],"wp:attachment":[{"href":"https:\/\/uj.adatbank.ro\/lexikon\/wp-json\/wp\/v2\/media?parent=18881"}],"wp:term":[{"taxonomy":"product_brand","embeddable":true,"href":"https:\/\/uj.adatbank.ro\/lexikon\/wp-json\/wp\/v2\/product_brand?post=18881"},{"taxonomy":"product_cat","embeddable":true,"href":"https:\/\/uj.adatbank.ro\/lexikon\/wp-json\/wp\/v2\/product_cat?post=18881"},{"taxonomy":"product_tag","embeddable":true,"href":"https:\/\/uj.adatbank.ro\/lexikon\/wp-json\/wp\/v2\/product_tag?post=18881"}],"curies":[{"name":"wp","href":"https:\/\/api.w.org\/{rel}","templated":true}]}}