{"id":18885,"date":"2025-07-16T11:09:30","date_gmt":"2025-07-16T09:09:30","guid":{"rendered":"https:\/\/uj.adatbank.ro\/lexikon\/termek\/rades-ioan\/"},"modified":"2025-07-16T11:09:30","modified_gmt":"2025-07-16T09:09:30","slug":"rades-ioan","status":"publish","type":"product","link":"https:\/\/uj.adatbank.ro\/lexikon\/termek\/rades-ioan\/","title":{"rendered":"RADE\u015e, Ioan"},"content":{"rendered":"<p>Kisberivoj, 1876. nov. 11.,\u2020\u00a0Zsib\u00f3, 1952. j\u00fal. 4.: banktisztvisel\u0151. \u2013 Fels\u0151kereskedelmi iskol\u00e1t v\u00e9gzett Brass\u00f3ban. P\u00e1ly\u00e1j\u00e1t gyakornokk\u00e9nt kezdte a nagyszebeni Albina Bankban (1898). Dics\u0151szentm\u00e1rtonban k\u00f6nyvel\u0151 a Vulturul Bankban, az Albina Bank dics\u0151szentm\u00e1rtoni fi\u00f3kj\u00e1nak els\u0151 igazgat\u00f3ja (1908). Az ASTRA tagja (1911). Megalap\u00edtotta a Rom\u00e2nul T\u00e2rn\u0103vean c. lapot (1910), amely a politikai esem\u00e9nyeken k\u00edv\u00fcl az Astra tev\u00e9kenys\u00e9g\u00e9r\u0151l is besz\u00e1molt. Minden kultur\u00e1lis, vall\u00e1si, oktat\u00e1si int\u00e9zm\u00e9nyt t\u00e1mogatott anyagiakkal is. R\u00e9szt vett a gyulafeh\u00e9rv\u00e1ri nagygy\u0171l\u00e9sen (1918. dec. 1), mint v\u00e1rosa hivatalos k\u00fcld\u00f6tte. A Rom\u00e1n Nemteti P\u00e1rt, azt\u00e1n a N\u00e9pp\u00e1rt tagja (1920). Zilahra menek\u00fclt (1940). <br \/><strong>Irod.:<\/strong> Bosoanc\u0103; T\u00e2rn\u0103veni\u2013725; Todea 2013<\/br><\/p>\n","protected":false},"excerpt":{"rendered":"<p>Kisberivoj, 1876. nov. 11.,\u2020\u00a0Zsib\u00f3, 1952. j\u00fal. 4.: banktisztvisel\u0151. \u2013 Fels\u0151kereskedelmi iskol\u00e1t v\u00e9gzett Brass\u00f3ban. P\u00e1ly\u00e1j\u00e1t gyakornokk\u00e9nt kezdte a nagyszebeni Albina Bankban (1898). Dics\u0151szentm\u00e1rtonban k\u00f6nyvel\u0151 a Vulturul Bankban, az Albina Bank dics\u0151szentm\u00e1rtoni fi\u00f3kj\u00e1nak els\u0151 igazgat\u00f3ja (1908). Az ASTRA tagja (1911). Megalap\u00edtotta a Rom\u00e2nul T\u00e2rn\u0103vean c. lapot (1910), amely a politikai esem\u00e9nyeken k\u00edv\u00fcl az Astra tev\u00e9kenys\u00e9g\u00e9r\u0151l is besz\u00e1molt. [&hellip;]<\/p>\n","protected":false},"featured_media":0,"comment_status":"open","ping_status":"closed","template":"","meta":[],"product_brand":[],"product_cat":[137],"product_tag":[],"class_list":{"0":"post-18885","1":"product","2":"type-product","3":"status-publish","5":"product_cat-maros-megyei-eletrajzi-lexikon","7":"first","8":"instock","9":"shipping-taxable","10":"product-type-simple"},"_links":{"self":[{"href":"https:\/\/uj.adatbank.ro\/lexikon\/wp-json\/wp\/v2\/product\/18885","targetHints":{"allow":["GET"]}}],"collection":[{"href":"https:\/\/uj.adatbank.ro\/lexikon\/wp-json\/wp\/v2\/product"}],"about":[{"href":"https:\/\/uj.adatbank.ro\/lexikon\/wp-json\/wp\/v2\/types\/product"}],"replies":[{"embeddable":true,"href":"https:\/\/uj.adatbank.ro\/lexikon\/wp-json\/wp\/v2\/comments?post=18885"}],"wp:attachment":[{"href":"https:\/\/uj.adatbank.ro\/lexikon\/wp-json\/wp\/v2\/media?parent=18885"}],"wp:term":[{"taxonomy":"product_brand","embeddable":true,"href":"https:\/\/uj.adatbank.ro\/lexikon\/wp-json\/wp\/v2\/product_brand?post=18885"},{"taxonomy":"product_cat","embeddable":true,"href":"https:\/\/uj.adatbank.ro\/lexikon\/wp-json\/wp\/v2\/product_cat?post=18885"},{"taxonomy":"product_tag","embeddable":true,"href":"https:\/\/uj.adatbank.ro\/lexikon\/wp-json\/wp\/v2\/product_tag?post=18885"}],"curies":[{"name":"wp","href":"https:\/\/api.w.org\/{rel}","templated":true}]}}