{"id":18886,"date":"2025-07-16T11:09:33","date_gmt":"2025-07-16T09:09:33","guid":{"rendered":"https:\/\/uj.adatbank.ro\/lexikon\/termek\/radevo-o\/"},"modified":"2025-07-16T11:09:33","modified_gmt":"2025-07-16T09:09:33","slug":"radevo-o","status":"publish","type":"product","link":"https:\/\/uj.adatbank.ro\/lexikon\/termek\/radevo-o\/","title":{"rendered":"RADEVO, O."},"content":{"rendered":"<p>? \u2020\u00a0?: gy\u00f3gyszer\u00e9sz. \u2013 Mv.-en gy\u00f3gyszer\u00e9sz. V\u00e9rbaj elleni gy\u00f3gyszert k\u00e9sz\u00edtett, amit Kv.-on teszteltek (1920). <br \/><strong>Irod.:<\/strong> Id\u0151t\u00e1r 3<\/br><\/p>\n","protected":false},"excerpt":{"rendered":"<p>? \u2020\u00a0?: gy\u00f3gyszer\u00e9sz. \u2013 Mv.-en gy\u00f3gyszer\u00e9sz. V\u00e9rbaj elleni gy\u00f3gyszert k\u00e9sz\u00edtett, amit Kv.-on teszteltek (1920). Irod.: Id\u0151t\u00e1r 3<\/p>\n","protected":false},"featured_media":0,"comment_status":"open","ping_status":"closed","template":"","meta":[],"product_brand":[],"product_cat":[137],"product_tag":[],"class_list":{"0":"post-18886","1":"product","2":"type-product","3":"status-publish","5":"product_cat-maros-megyei-eletrajzi-lexikon","7":"first","8":"instock","9":"shipping-taxable","10":"product-type-simple"},"_links":{"self":[{"href":"https:\/\/uj.adatbank.ro\/lexikon\/wp-json\/wp\/v2\/product\/18886","targetHints":{"allow":["GET"]}}],"collection":[{"href":"https:\/\/uj.adatbank.ro\/lexikon\/wp-json\/wp\/v2\/product"}],"about":[{"href":"https:\/\/uj.adatbank.ro\/lexikon\/wp-json\/wp\/v2\/types\/product"}],"replies":[{"embeddable":true,"href":"https:\/\/uj.adatbank.ro\/lexikon\/wp-json\/wp\/v2\/comments?post=18886"}],"wp:attachment":[{"href":"https:\/\/uj.adatbank.ro\/lexikon\/wp-json\/wp\/v2\/media?parent=18886"}],"wp:term":[{"taxonomy":"product_brand","embeddable":true,"href":"https:\/\/uj.adatbank.ro\/lexikon\/wp-json\/wp\/v2\/product_brand?post=18886"},{"taxonomy":"product_cat","embeddable":true,"href":"https:\/\/uj.adatbank.ro\/lexikon\/wp-json\/wp\/v2\/product_cat?post=18886"},{"taxonomy":"product_tag","embeddable":true,"href":"https:\/\/uj.adatbank.ro\/lexikon\/wp-json\/wp\/v2\/product_tag?post=18886"}],"curies":[{"name":"wp","href":"https:\/\/api.w.org\/{rel}","templated":true}]}}