{"id":18887,"date":"2025-07-16T11:09:35","date_gmt":"2025-07-16T09:09:35","guid":{"rendered":"https:\/\/uj.adatbank.ro\/lexikon\/termek\/radits-istvan\/"},"modified":"2025-07-16T11:09:35","modified_gmt":"2025-07-16T09:09:35","slug":"radits-istvan","status":"publish","type":"product","link":"https:\/\/uj.adatbank.ro\/lexikon\/termek\/radits-istvan\/","title":{"rendered":"RADITS Istv\u00e1n"},"content":{"rendered":"<p>? \u2020\u00a0?: szerkeszt\u0151. \u2013 A sz\u00e1szr\u00e9geni Marosv\u00f6lgy c. (1914) irodalmi, t\u00e1rsadalmi \u00e9s vegyes tartalm\u00fa hetilap szerkeszt\u0151je. <br \/><strong>Irod.:<\/strong> B\u00edr\u00f3 Don\u00e1t<\/br><\/p>\n","protected":false},"excerpt":{"rendered":"<p>? \u2020\u00a0?: szerkeszt\u0151. \u2013 A sz\u00e1szr\u00e9geni Marosv\u00f6lgy c. (1914) irodalmi, t\u00e1rsadalmi \u00e9s vegyes tartalm\u00fa hetilap szerkeszt\u0151je. Irod.: B\u00edr\u00f3 Don\u00e1t<\/p>\n","protected":false},"featured_media":0,"comment_status":"open","ping_status":"closed","template":"","meta":[],"product_brand":[],"product_cat":[137],"product_tag":[],"class_list":{"0":"post-18887","1":"product","2":"type-product","3":"status-publish","5":"product_cat-maros-megyei-eletrajzi-lexikon","7":"first","8":"instock","9":"shipping-taxable","10":"product-type-simple"},"_links":{"self":[{"href":"https:\/\/uj.adatbank.ro\/lexikon\/wp-json\/wp\/v2\/product\/18887","targetHints":{"allow":["GET"]}}],"collection":[{"href":"https:\/\/uj.adatbank.ro\/lexikon\/wp-json\/wp\/v2\/product"}],"about":[{"href":"https:\/\/uj.adatbank.ro\/lexikon\/wp-json\/wp\/v2\/types\/product"}],"replies":[{"embeddable":true,"href":"https:\/\/uj.adatbank.ro\/lexikon\/wp-json\/wp\/v2\/comments?post=18887"}],"wp:attachment":[{"href":"https:\/\/uj.adatbank.ro\/lexikon\/wp-json\/wp\/v2\/media?parent=18887"}],"wp:term":[{"taxonomy":"product_brand","embeddable":true,"href":"https:\/\/uj.adatbank.ro\/lexikon\/wp-json\/wp\/v2\/product_brand?post=18887"},{"taxonomy":"product_cat","embeddable":true,"href":"https:\/\/uj.adatbank.ro\/lexikon\/wp-json\/wp\/v2\/product_cat?post=18887"},{"taxonomy":"product_tag","embeddable":true,"href":"https:\/\/uj.adatbank.ro\/lexikon\/wp-json\/wp\/v2\/product_tag?post=18887"}],"curies":[{"name":"wp","href":"https:\/\/api.w.org\/{rel}","templated":true}]}}