{"id":18889,"date":"2025-07-16T11:09:39","date_gmt":"2025-07-16T09:09:39","guid":{"rendered":"https:\/\/uj.adatbank.ro\/lexikon\/termek\/radnotfai\/"},"modified":"2025-07-16T11:09:39","modified_gmt":"2025-07-16T09:09:39","slug":"radnotfai","status":"publish","type":"product","link":"https:\/\/uj.adatbank.ro\/lexikon\/termek\/radnotfai\/","title":{"rendered":"RADN\u00d3TF\u00c1I"},"content":{"rendered":"<p>radn\u00f3tf\u00e1i csal\u00e1d : C\u00edmeres levelet 1698. nov. 17. R. M\u00f3zes kapott. \u2013 Irod. : Kempelen<\/br><\/p>\n","protected":false},"excerpt":{"rendered":"<p>radn\u00f3tf\u00e1i csal\u00e1d : C\u00edmeres levelet 1698. nov. 17. R. M\u00f3zes kapott. \u2013 Irod. : Kempelen<\/p>\n","protected":false},"featured_media":0,"comment_status":"open","ping_status":"closed","template":"","meta":[],"product_brand":[],"product_cat":[137],"product_tag":[],"class_list":{"0":"post-18889","1":"product","2":"type-product","3":"status-publish","5":"product_cat-maros-megyei-eletrajzi-lexikon","7":"first","8":"instock","9":"shipping-taxable","10":"product-type-simple"},"_links":{"self":[{"href":"https:\/\/uj.adatbank.ro\/lexikon\/wp-json\/wp\/v2\/product\/18889","targetHints":{"allow":["GET"]}}],"collection":[{"href":"https:\/\/uj.adatbank.ro\/lexikon\/wp-json\/wp\/v2\/product"}],"about":[{"href":"https:\/\/uj.adatbank.ro\/lexikon\/wp-json\/wp\/v2\/types\/product"}],"replies":[{"embeddable":true,"href":"https:\/\/uj.adatbank.ro\/lexikon\/wp-json\/wp\/v2\/comments?post=18889"}],"wp:attachment":[{"href":"https:\/\/uj.adatbank.ro\/lexikon\/wp-json\/wp\/v2\/media?parent=18889"}],"wp:term":[{"taxonomy":"product_brand","embeddable":true,"href":"https:\/\/uj.adatbank.ro\/lexikon\/wp-json\/wp\/v2\/product_brand?post=18889"},{"taxonomy":"product_cat","embeddable":true,"href":"https:\/\/uj.adatbank.ro\/lexikon\/wp-json\/wp\/v2\/product_cat?post=18889"},{"taxonomy":"product_tag","embeddable":true,"href":"https:\/\/uj.adatbank.ro\/lexikon\/wp-json\/wp\/v2\/product_tag?post=18889"}],"curies":[{"name":"wp","href":"https:\/\/api.w.org\/{rel}","templated":true}]}}