{"id":18890,"date":"2025-07-16T11:09:41","date_gmt":"2025-07-16T09:09:41","guid":{"rendered":"https:\/\/uj.adatbank.ro\/lexikon\/termek\/radnotfai-gyorgy\/"},"modified":"2025-07-16T11:09:41","modified_gmt":"2025-07-16T09:09:41","slug":"radnotfai-gyorgy","status":"publish","type":"product","link":"https:\/\/uj.adatbank.ro\/lexikon\/termek\/radnotfai-gyorgy\/","title":{"rendered":"RADN\u00d3TF\u00c1I Gy\u00f6rgy"},"content":{"rendered":"<p>? \u2020 ? : ref. lelk\u00e9sz. \u2013 Kv.-on subscrib\u00e1lt (1675 k.). A g\u00f6rg\u00e9nyi az egyh\u00e1zmegye notariusa volt (1677). <br \/><strong>Irod.:<\/strong> \u0150sz<\/br><\/p>\n","protected":false},"excerpt":{"rendered":"<p>? \u2020 ? : ref. lelk\u00e9sz. \u2013 Kv.-on subscrib\u00e1lt (1675 k.). A g\u00f6rg\u00e9nyi az egyh\u00e1zmegye notariusa volt (1677). Irod.: \u0150sz<\/p>\n","protected":false},"featured_media":0,"comment_status":"open","ping_status":"closed","template":"","meta":[],"product_brand":[],"product_cat":[137],"product_tag":[],"class_list":{"0":"post-18890","1":"product","2":"type-product","3":"status-publish","5":"product_cat-maros-megyei-eletrajzi-lexikon","7":"first","8":"instock","9":"shipping-taxable","10":"product-type-simple"},"_links":{"self":[{"href":"https:\/\/uj.adatbank.ro\/lexikon\/wp-json\/wp\/v2\/product\/18890","targetHints":{"allow":["GET"]}}],"collection":[{"href":"https:\/\/uj.adatbank.ro\/lexikon\/wp-json\/wp\/v2\/product"}],"about":[{"href":"https:\/\/uj.adatbank.ro\/lexikon\/wp-json\/wp\/v2\/types\/product"}],"replies":[{"embeddable":true,"href":"https:\/\/uj.adatbank.ro\/lexikon\/wp-json\/wp\/v2\/comments?post=18890"}],"wp:attachment":[{"href":"https:\/\/uj.adatbank.ro\/lexikon\/wp-json\/wp\/v2\/media?parent=18890"}],"wp:term":[{"taxonomy":"product_brand","embeddable":true,"href":"https:\/\/uj.adatbank.ro\/lexikon\/wp-json\/wp\/v2\/product_brand?post=18890"},{"taxonomy":"product_cat","embeddable":true,"href":"https:\/\/uj.adatbank.ro\/lexikon\/wp-json\/wp\/v2\/product_cat?post=18890"},{"taxonomy":"product_tag","embeddable":true,"href":"https:\/\/uj.adatbank.ro\/lexikon\/wp-json\/wp\/v2\/product_tag?post=18890"}],"curies":[{"name":"wp","href":"https:\/\/api.w.org\/{rel}","templated":true}]}}