{"id":18891,"date":"2025-07-16T11:09:43","date_gmt":"2025-07-16T09:09:43","guid":{"rendered":"https:\/\/uj.adatbank.ro\/lexikon\/termek\/radnotfai-istvan\/"},"modified":"2025-07-16T11:09:43","modified_gmt":"2025-07-16T09:09:43","slug":"radnotfai-istvan","status":"publish","type":"product","link":"https:\/\/uj.adatbank.ro\/lexikon\/termek\/radnotfai-istvan\/","title":{"rendered":"RADN\u00d3TF\u00c1I Istv\u00e1n"},"content":{"rendered":"<p>? \u2020 ?: tan\u00edt\u00f3. \u2013 Cs\u00e1v\u00e1son tan\u00edtott (1655). Lelk\u00e9sz S\u00f6v\u00e9nyfalv\u00e1n (1666\u201369, 1675). <br \/><strong>Irod.:<\/strong> K\u00fck\u00fcll\u0151i Ref. Egyh\u00e1zm.1., 4.<\/br><\/p>\n","protected":false},"excerpt":{"rendered":"<p>? \u2020 ?: tan\u00edt\u00f3. \u2013 Cs\u00e1v\u00e1son tan\u00edtott (1655). Lelk\u00e9sz S\u00f6v\u00e9nyfalv\u00e1n (1666\u201369, 1675). Irod.: K\u00fck\u00fcll\u0151i Ref. Egyh\u00e1zm.1., 4.<\/p>\n","protected":false},"featured_media":0,"comment_status":"open","ping_status":"closed","template":"","meta":[],"product_brand":[],"product_cat":[137],"product_tag":[],"class_list":{"0":"post-18891","1":"product","2":"type-product","3":"status-publish","5":"product_cat-maros-megyei-eletrajzi-lexikon","7":"first","8":"instock","9":"shipping-taxable","10":"product-type-simple"},"_links":{"self":[{"href":"https:\/\/uj.adatbank.ro\/lexikon\/wp-json\/wp\/v2\/product\/18891","targetHints":{"allow":["GET"]}}],"collection":[{"href":"https:\/\/uj.adatbank.ro\/lexikon\/wp-json\/wp\/v2\/product"}],"about":[{"href":"https:\/\/uj.adatbank.ro\/lexikon\/wp-json\/wp\/v2\/types\/product"}],"replies":[{"embeddable":true,"href":"https:\/\/uj.adatbank.ro\/lexikon\/wp-json\/wp\/v2\/comments?post=18891"}],"wp:attachment":[{"href":"https:\/\/uj.adatbank.ro\/lexikon\/wp-json\/wp\/v2\/media?parent=18891"}],"wp:term":[{"taxonomy":"product_brand","embeddable":true,"href":"https:\/\/uj.adatbank.ro\/lexikon\/wp-json\/wp\/v2\/product_brand?post=18891"},{"taxonomy":"product_cat","embeddable":true,"href":"https:\/\/uj.adatbank.ro\/lexikon\/wp-json\/wp\/v2\/product_cat?post=18891"},{"taxonomy":"product_tag","embeddable":true,"href":"https:\/\/uj.adatbank.ro\/lexikon\/wp-json\/wp\/v2\/product_tag?post=18891"}],"curies":[{"name":"wp","href":"https:\/\/api.w.org\/{rel}","templated":true}]}}