{"id":18892,"date":"2025-07-16T11:09:45","date_gmt":"2025-07-16T09:09:45","guid":{"rendered":"https:\/\/uj.adatbank.ro\/lexikon\/termek\/radnotfai-istvan-2\/"},"modified":"2025-07-16T11:09:45","modified_gmt":"2025-07-16T09:09:45","slug":"radnotfai-istvan-2","status":"publish","type":"product","link":"https:\/\/uj.adatbank.ro\/lexikon\/termek\/radnotfai-istvan-2\/","title":{"rendered":"RADN\u00d3TF\u00c1I Istv\u00e1n"},"content":{"rendered":"<p>? \u2020 ? : ref. lelk\u00e9sz. \u2013 Mv.-en subscrib\u00e1lt (1672) v. Kv.-on (1675 k.). Lelk\u00e9sz Magyarkir\u00e1lyfalv\u00e1n (1677\u201378, 1690), D\u00e1ny\u00e1nban (1680\u201382) \u00e9s Balav\u00e1s\u00e1ron (1683\u201389), ), S\u00f6v\u00e9nyfalv\u00e1n (1690). <br \/><strong>Irod.:<\/strong> K\u00fck\u00fcll\u0151i Ref. Egyh\u00e1zm. 2., 3., 4.; \u0150sz<\/br><\/p>\n","protected":false},"excerpt":{"rendered":"<p>? \u2020 ? : ref. lelk\u00e9sz. \u2013 Mv.-en subscrib\u00e1lt (1672) v. Kv.-on (1675 k.). Lelk\u00e9sz Magyarkir\u00e1lyfalv\u00e1n (1677\u201378, 1690), D\u00e1ny\u00e1nban (1680\u201382) \u00e9s Balav\u00e1s\u00e1ron (1683\u201389), ), S\u00f6v\u00e9nyfalv\u00e1n (1690). Irod.: K\u00fck\u00fcll\u0151i Ref. Egyh\u00e1zm. 2., 3., 4.; \u0150sz<\/p>\n","protected":false},"featured_media":0,"comment_status":"open","ping_status":"closed","template":"","meta":[],"product_brand":[],"product_cat":[137],"product_tag":[],"class_list":{"0":"post-18892","1":"product","2":"type-product","3":"status-publish","5":"product_cat-maros-megyei-eletrajzi-lexikon","7":"first","8":"instock","9":"shipping-taxable","10":"product-type-simple"},"_links":{"self":[{"href":"https:\/\/uj.adatbank.ro\/lexikon\/wp-json\/wp\/v2\/product\/18892","targetHints":{"allow":["GET"]}}],"collection":[{"href":"https:\/\/uj.adatbank.ro\/lexikon\/wp-json\/wp\/v2\/product"}],"about":[{"href":"https:\/\/uj.adatbank.ro\/lexikon\/wp-json\/wp\/v2\/types\/product"}],"replies":[{"embeddable":true,"href":"https:\/\/uj.adatbank.ro\/lexikon\/wp-json\/wp\/v2\/comments?post=18892"}],"wp:attachment":[{"href":"https:\/\/uj.adatbank.ro\/lexikon\/wp-json\/wp\/v2\/media?parent=18892"}],"wp:term":[{"taxonomy":"product_brand","embeddable":true,"href":"https:\/\/uj.adatbank.ro\/lexikon\/wp-json\/wp\/v2\/product_brand?post=18892"},{"taxonomy":"product_cat","embeddable":true,"href":"https:\/\/uj.adatbank.ro\/lexikon\/wp-json\/wp\/v2\/product_cat?post=18892"},{"taxonomy":"product_tag","embeddable":true,"href":"https:\/\/uj.adatbank.ro\/lexikon\/wp-json\/wp\/v2\/product_tag?post=18892"}],"curies":[{"name":"wp","href":"https:\/\/api.w.org\/{rel}","templated":true}]}}