{"id":18894,"date":"2025-07-16T11:09:48","date_gmt":"2025-07-16T09:09:48","guid":{"rendered":"https:\/\/uj.adatbank.ro\/lexikon\/termek\/radnothi-peter\/"},"modified":"2025-07-16T11:09:48","modified_gmt":"2025-07-16T09:09:48","slug":"radnothi-peter","status":"publish","type":"product","link":"https:\/\/uj.adatbank.ro\/lexikon\/termek\/radnothi-peter\/","title":{"rendered":"RADN\u00d3THI P\u00e9ter"},"content":{"rendered":"<p>? \u2020 ?:tan\u00edt\u00f3. \u2013 \u00c1kosfalv\u00e1n tan\u00edtott (1739\u20131746). <br \/><strong>Irod.:<\/strong> Sipos G\u00e1bor<\/br><\/p>\n","protected":false},"excerpt":{"rendered":"<p>? \u2020 ?:tan\u00edt\u00f3. \u2013 \u00c1kosfalv\u00e1n tan\u00edtott (1739\u20131746). Irod.: Sipos G\u00e1bor<\/p>\n","protected":false},"featured_media":0,"comment_status":"open","ping_status":"closed","template":"","meta":[],"product_brand":[],"product_cat":[137],"product_tag":[],"class_list":{"0":"post-18894","1":"product","2":"type-product","3":"status-publish","5":"product_cat-maros-megyei-eletrajzi-lexikon","7":"first","8":"instock","9":"shipping-taxable","10":"product-type-simple"},"_links":{"self":[{"href":"https:\/\/uj.adatbank.ro\/lexikon\/wp-json\/wp\/v2\/product\/18894","targetHints":{"allow":["GET"]}}],"collection":[{"href":"https:\/\/uj.adatbank.ro\/lexikon\/wp-json\/wp\/v2\/product"}],"about":[{"href":"https:\/\/uj.adatbank.ro\/lexikon\/wp-json\/wp\/v2\/types\/product"}],"replies":[{"embeddable":true,"href":"https:\/\/uj.adatbank.ro\/lexikon\/wp-json\/wp\/v2\/comments?post=18894"}],"wp:attachment":[{"href":"https:\/\/uj.adatbank.ro\/lexikon\/wp-json\/wp\/v2\/media?parent=18894"}],"wp:term":[{"taxonomy":"product_brand","embeddable":true,"href":"https:\/\/uj.adatbank.ro\/lexikon\/wp-json\/wp\/v2\/product_brand?post=18894"},{"taxonomy":"product_cat","embeddable":true,"href":"https:\/\/uj.adatbank.ro\/lexikon\/wp-json\/wp\/v2\/product_cat?post=18894"},{"taxonomy":"product_tag","embeddable":true,"href":"https:\/\/uj.adatbank.ro\/lexikon\/wp-json\/wp\/v2\/product_tag?post=18894"}],"curies":[{"name":"wp","href":"https:\/\/api.w.org\/{rel}","templated":true}]}}