{"id":18898,"date":"2025-07-16T11:09:55","date_gmt":"2025-07-16T09:09:55","guid":{"rendered":"https:\/\/uj.adatbank.ro\/lexikon\/termek\/radnoti-janos\/"},"modified":"2025-07-16T11:09:55","modified_gmt":"2025-07-16T09:09:55","slug":"radnoti-janos","status":"publish","type":"product","link":"https:\/\/uj.adatbank.ro\/lexikon\/termek\/radnoti-janos\/","title":{"rendered":"RADN\u00d3TI J\u00e1nos"},"content":{"rendered":"<p>? \u2020 Cs\u00e1v\u00e1s, 1742. : tan\u00edt\u00f3, ref. lelk\u00e9sz. \u2013 Mv.-en subscrib\u00e1lt (1686). Radn\u00f3ton (1689) \u00e9s G\u00f3g\u00e1nban (\u20131694) volt rektor. K\u00e9s\u0151bb B\u00faz\u00e1sbeseny\u0151n (1697\u20131713), Kerel\u0151szentp\u00e1lon (1714\u201315) \u00e9s Cs\u00e1v\u00e1son (1716\u201342) volt lelk\u00e9sz. <br \/><strong>Irod.:<\/strong> K\u00fck\u00fcll\u0151i Ref. Egyh\u00e1zm. 1.,2., 4.<\/br><\/p>\n","protected":false},"excerpt":{"rendered":"<p>? \u2020 Cs\u00e1v\u00e1s, 1742. : tan\u00edt\u00f3, ref. lelk\u00e9sz. \u2013 Mv.-en subscrib\u00e1lt (1686). Radn\u00f3ton (1689) \u00e9s G\u00f3g\u00e1nban (\u20131694) volt rektor. K\u00e9s\u0151bb B\u00faz\u00e1sbeseny\u0151n (1697\u20131713), Kerel\u0151szentp\u00e1lon (1714\u201315) \u00e9s Cs\u00e1v\u00e1son (1716\u201342) volt lelk\u00e9sz. Irod.: K\u00fck\u00fcll\u0151i Ref. Egyh\u00e1zm. 1.,2., 4.<\/p>\n","protected":false},"featured_media":0,"comment_status":"open","ping_status":"closed","template":"","meta":[],"product_brand":[],"product_cat":[137],"product_tag":[],"class_list":{"0":"post-18898","1":"product","2":"type-product","3":"status-publish","5":"product_cat-maros-megyei-eletrajzi-lexikon","7":"first","8":"instock","9":"shipping-taxable","10":"product-type-simple"},"_links":{"self":[{"href":"https:\/\/uj.adatbank.ro\/lexikon\/wp-json\/wp\/v2\/product\/18898","targetHints":{"allow":["GET"]}}],"collection":[{"href":"https:\/\/uj.adatbank.ro\/lexikon\/wp-json\/wp\/v2\/product"}],"about":[{"href":"https:\/\/uj.adatbank.ro\/lexikon\/wp-json\/wp\/v2\/types\/product"}],"replies":[{"embeddable":true,"href":"https:\/\/uj.adatbank.ro\/lexikon\/wp-json\/wp\/v2\/comments?post=18898"}],"wp:attachment":[{"href":"https:\/\/uj.adatbank.ro\/lexikon\/wp-json\/wp\/v2\/media?parent=18898"}],"wp:term":[{"taxonomy":"product_brand","embeddable":true,"href":"https:\/\/uj.adatbank.ro\/lexikon\/wp-json\/wp\/v2\/product_brand?post=18898"},{"taxonomy":"product_cat","embeddable":true,"href":"https:\/\/uj.adatbank.ro\/lexikon\/wp-json\/wp\/v2\/product_cat?post=18898"},{"taxonomy":"product_tag","embeddable":true,"href":"https:\/\/uj.adatbank.ro\/lexikon\/wp-json\/wp\/v2\/product_tag?post=18898"}],"curies":[{"name":"wp","href":"https:\/\/api.w.org\/{rel}","templated":true}]}}