{"id":18899,"date":"2025-07-16T11:09:56","date_gmt":"2025-07-16T09:09:56","guid":{"rendered":"https:\/\/uj.adatbank.ro\/lexikon\/termek\/radnoti-janos-2\/"},"modified":"2025-07-16T11:09:56","modified_gmt":"2025-07-16T09:09:56","slug":"radnoti-janos-2","status":"publish","type":"product","link":"https:\/\/uj.adatbank.ro\/lexikon\/termek\/radnoti-janos-2\/","title":{"rendered":"RADN\u00d3TI J\u00e1nos"},"content":{"rendered":"<p>? \u2020 ?: ref. lelk\u00e9sz. \u2013 Mv.-en subscrib\u00e1lt (1724 v. 1730). Lelk\u00e9sz Magyarherep\u00e9n (1734?\u20131739), P\u00f3kakereszt\u00faron (1740\u201353), Mez\u0151bodonban (1753\u201356) \u00e9s Mikefalv\u00e1n (1758\u201359), majd Boldogfalv\u00e1n (1764\u201384). <br \/><strong>Irod.:<\/strong> K\u00fck\u00fcll\u0151i Ref. Egyh\u00e1zm.1.; \u0150sz<\/br><\/p>\n","protected":false},"excerpt":{"rendered":"<p>? \u2020 ?: ref. lelk\u00e9sz. \u2013 Mv.-en subscrib\u00e1lt (1724 v. 1730). Lelk\u00e9sz Magyarherep\u00e9n (1734?\u20131739), P\u00f3kakereszt\u00faron (1740\u201353), Mez\u0151bodonban (1753\u201356) \u00e9s Mikefalv\u00e1n (1758\u201359), majd Boldogfalv\u00e1n (1764\u201384). Irod.: K\u00fck\u00fcll\u0151i Ref. Egyh\u00e1zm.1.; \u0150sz<\/p>\n","protected":false},"featured_media":0,"comment_status":"open","ping_status":"closed","template":"","meta":[],"product_brand":[],"product_cat":[137],"product_tag":[],"class_list":{"0":"post-18899","1":"product","2":"type-product","3":"status-publish","5":"product_cat-maros-megyei-eletrajzi-lexikon","7":"first","8":"instock","9":"shipping-taxable","10":"product-type-simple"},"_links":{"self":[{"href":"https:\/\/uj.adatbank.ro\/lexikon\/wp-json\/wp\/v2\/product\/18899","targetHints":{"allow":["GET"]}}],"collection":[{"href":"https:\/\/uj.adatbank.ro\/lexikon\/wp-json\/wp\/v2\/product"}],"about":[{"href":"https:\/\/uj.adatbank.ro\/lexikon\/wp-json\/wp\/v2\/types\/product"}],"replies":[{"embeddable":true,"href":"https:\/\/uj.adatbank.ro\/lexikon\/wp-json\/wp\/v2\/comments?post=18899"}],"wp:attachment":[{"href":"https:\/\/uj.adatbank.ro\/lexikon\/wp-json\/wp\/v2\/media?parent=18899"}],"wp:term":[{"taxonomy":"product_brand","embeddable":true,"href":"https:\/\/uj.adatbank.ro\/lexikon\/wp-json\/wp\/v2\/product_brand?post=18899"},{"taxonomy":"product_cat","embeddable":true,"href":"https:\/\/uj.adatbank.ro\/lexikon\/wp-json\/wp\/v2\/product_cat?post=18899"},{"taxonomy":"product_tag","embeddable":true,"href":"https:\/\/uj.adatbank.ro\/lexikon\/wp-json\/wp\/v2\/product_tag?post=18899"}],"curies":[{"name":"wp","href":"https:\/\/api.w.org\/{rel}","templated":true}]}}