{"id":1890,"date":"2025-06-28T11:56:43","date_gmt":"2025-06-28T09:56:43","guid":{"rendered":"https:\/\/uj.adatbank.ro\/lexikon\/termek\/bako-lajos\/"},"modified":"2025-06-28T11:56:43","modified_gmt":"2025-06-28T09:56:43","slug":"bako-lajos","status":"publish","type":"product","link":"https:\/\/uj.adatbank.ro\/lexikon\/termek\/bako-lajos\/","title":{"rendered":"BAK\u00d3 Lajos"},"content":{"rendered":"<p>1931.? \u2020 Mv., 2005. nov.: g\u00e9p\u00e9szm\u00e9rn\u00f6k. \u2013 Az Ideiglenes Maros megyei N\u00e9ptan\u00e1cs VB tagja els\u0151 aleln\u00f6ke, a v\u00e1rosi PB tagja (1968. febr. \u2013). <br \/><strong>Irod.:<\/strong> Id\u0151t\u00e1r 4.; Mv. T\u00f6rt. 2<\/br><\/p>\n","protected":false},"excerpt":{"rendered":"<p>1931.? \u2020 Mv., 2005. nov.: g\u00e9p\u00e9szm\u00e9rn\u00f6k. \u2013 Az Ideiglenes Maros megyei N\u00e9ptan\u00e1cs VB tagja els\u0151 aleln\u00f6ke, a v\u00e1rosi PB tagja (1968. febr. \u2013). Irod.: Id\u0151t\u00e1r 4.; Mv. T\u00f6rt. 2<\/p>\n","protected":false},"featured_media":0,"comment_status":"open","ping_status":"closed","template":"","meta":[],"product_brand":[],"product_cat":[137],"product_tag":[],"class_list":{"0":"post-1890","1":"product","2":"type-product","3":"status-publish","5":"product_cat-maros-megyei-eletrajzi-lexikon","7":"first","8":"instock","9":"shipping-taxable","10":"product-type-simple"},"_links":{"self":[{"href":"https:\/\/uj.adatbank.ro\/lexikon\/wp-json\/wp\/v2\/product\/1890","targetHints":{"allow":["GET"]}}],"collection":[{"href":"https:\/\/uj.adatbank.ro\/lexikon\/wp-json\/wp\/v2\/product"}],"about":[{"href":"https:\/\/uj.adatbank.ro\/lexikon\/wp-json\/wp\/v2\/types\/product"}],"replies":[{"embeddable":true,"href":"https:\/\/uj.adatbank.ro\/lexikon\/wp-json\/wp\/v2\/comments?post=1890"}],"wp:attachment":[{"href":"https:\/\/uj.adatbank.ro\/lexikon\/wp-json\/wp\/v2\/media?parent=1890"}],"wp:term":[{"taxonomy":"product_brand","embeddable":true,"href":"https:\/\/uj.adatbank.ro\/lexikon\/wp-json\/wp\/v2\/product_brand?post=1890"},{"taxonomy":"product_cat","embeddable":true,"href":"https:\/\/uj.adatbank.ro\/lexikon\/wp-json\/wp\/v2\/product_cat?post=1890"},{"taxonomy":"product_tag","embeddable":true,"href":"https:\/\/uj.adatbank.ro\/lexikon\/wp-json\/wp\/v2\/product_tag?post=1890"}],"curies":[{"name":"wp","href":"https:\/\/api.w.org\/{rel}","templated":true}]}}