{"id":18900,"date":"2025-07-16T11:09:58","date_gmt":"2025-07-16T09:09:58","guid":{"rendered":"https:\/\/uj.adatbank.ro\/lexikon\/termek\/radnoti-mihaly\/"},"modified":"2025-07-16T11:09:58","modified_gmt":"2025-07-16T09:09:58","slug":"radnoti-mihaly","status":"publish","type":"product","link":"https:\/\/uj.adatbank.ro\/lexikon\/termek\/radnoti-mihaly\/","title":{"rendered":"RADN\u00d3TI Mih\u00e1ly"},"content":{"rendered":"<p>? \u2020 ?: tan\u00edt\u00f3. \u2013 Feles\u00e9ge M\u00e1ty\u00e1s Anna. \u2013 Mv.-en subscrib\u00e1lt (1707) \u00e9s Nagyenyeden (1712). Rektor Cs\u00e1v\u00e1son (1713), Mikefalv\u00e1n (1715\u201316), Kerel\u0151szentp\u00e1lon (1718\u201319). Lelk\u00e9sz volt Magyarherep\u00e9n (1721\u201323), Kerel\u0151szentp\u00e1lon (1724\u201329), Mez\u0151bodonban (1732), Kutyfalv\u00e1n (1735\u201338) \u00e9s Magyarszentbenedeken (1740\u201344).<br \/><strong>Irod.:<\/strong> K\u00fck\u00fcll\u0151i Ref. Egyh\u00e1zm. 1., 2., 3., 4.<\/br><\/p>\n","protected":false},"excerpt":{"rendered":"<p>? \u2020 ?: tan\u00edt\u00f3. \u2013 Feles\u00e9ge M\u00e1ty\u00e1s Anna. \u2013 Mv.-en subscrib\u00e1lt (1707) \u00e9s Nagyenyeden (1712). Rektor Cs\u00e1v\u00e1son (1713), Mikefalv\u00e1n (1715\u201316), Kerel\u0151szentp\u00e1lon (1718\u201319). Lelk\u00e9sz volt Magyarherep\u00e9n (1721\u201323), Kerel\u0151szentp\u00e1lon (1724\u201329), Mez\u0151bodonban (1732), Kutyfalv\u00e1n (1735\u201338) \u00e9s Magyarszentbenedeken (1740\u201344).Irod.: K\u00fck\u00fcll\u0151i Ref. Egyh\u00e1zm. 1., 2., 3., 4.<\/p>\n","protected":false},"featured_media":0,"comment_status":"open","ping_status":"closed","template":"","meta":[],"product_brand":[],"product_cat":[137],"product_tag":[],"class_list":{"0":"post-18900","1":"product","2":"type-product","3":"status-publish","5":"product_cat-maros-megyei-eletrajzi-lexikon","7":"first","8":"instock","9":"shipping-taxable","10":"product-type-simple"},"_links":{"self":[{"href":"https:\/\/uj.adatbank.ro\/lexikon\/wp-json\/wp\/v2\/product\/18900","targetHints":{"allow":["GET"]}}],"collection":[{"href":"https:\/\/uj.adatbank.ro\/lexikon\/wp-json\/wp\/v2\/product"}],"about":[{"href":"https:\/\/uj.adatbank.ro\/lexikon\/wp-json\/wp\/v2\/types\/product"}],"replies":[{"embeddable":true,"href":"https:\/\/uj.adatbank.ro\/lexikon\/wp-json\/wp\/v2\/comments?post=18900"}],"wp:attachment":[{"href":"https:\/\/uj.adatbank.ro\/lexikon\/wp-json\/wp\/v2\/media?parent=18900"}],"wp:term":[{"taxonomy":"product_brand","embeddable":true,"href":"https:\/\/uj.adatbank.ro\/lexikon\/wp-json\/wp\/v2\/product_brand?post=18900"},{"taxonomy":"product_cat","embeddable":true,"href":"https:\/\/uj.adatbank.ro\/lexikon\/wp-json\/wp\/v2\/product_cat?post=18900"},{"taxonomy":"product_tag","embeddable":true,"href":"https:\/\/uj.adatbank.ro\/lexikon\/wp-json\/wp\/v2\/product_tag?post=18900"}],"curies":[{"name":"wp","href":"https:\/\/api.w.org\/{rel}","templated":true}]}}