{"id":18902,"date":"2025-07-16T11:10:02","date_gmt":"2025-07-16T09:10:02","guid":{"rendered":"https:\/\/uj.adatbank.ro\/lexikon\/termek\/radnoti-nara-janos\/"},"modified":"2025-07-16T11:10:02","modified_gmt":"2025-07-16T09:10:02","slug":"radnoti-nara-janos","status":"publish","type":"product","link":"https:\/\/uj.adatbank.ro\/lexikon\/termek\/radnoti-nara-janos\/","title":{"rendered":"RADN\u00d3TI N\u00c1RA J\u00e1nos"},"content":{"rendered":"<p>? \u2020 ?: ref. lelk\u00e9sz. \u2013 Feles\u00e9ge Kov\u00e1cs Erzs\u00e9bet. \u2013 Mv.-en subscrib\u00e1lt (1730). Lelk\u00e9sz Mez\u0151bodonban (1745\u201356), Magyarherep\u00e9n (1734\u201345), Mikefalv\u00e1n (1758\u201359), S\u00f6v\u00e9nyfalv\u00e1n (1759\u201364) \u00e9s Boldogfalv\u00e1n (1764\u201384). <br \/><strong>Irod.:<\/strong> K\u00fck\u00fcll\u0151i Ref. Egyh\u00e1zm. 3., 4.<\/br><\/p>\n","protected":false},"excerpt":{"rendered":"<p>? \u2020 ?: ref. lelk\u00e9sz. \u2013 Feles\u00e9ge Kov\u00e1cs Erzs\u00e9bet. \u2013 Mv.-en subscrib\u00e1lt (1730). Lelk\u00e9sz Mez\u0151bodonban (1745\u201356), Magyarherep\u00e9n (1734\u201345), Mikefalv\u00e1n (1758\u201359), S\u00f6v\u00e9nyfalv\u00e1n (1759\u201364) \u00e9s Boldogfalv\u00e1n (1764\u201384). Irod.: K\u00fck\u00fcll\u0151i Ref. Egyh\u00e1zm. 3., 4.<\/p>\n","protected":false},"featured_media":0,"comment_status":"open","ping_status":"closed","template":"","meta":[],"product_brand":[],"product_cat":[137],"product_tag":[],"class_list":{"0":"post-18902","1":"product","2":"type-product","3":"status-publish","5":"product_cat-maros-megyei-eletrajzi-lexikon","7":"first","8":"instock","9":"shipping-taxable","10":"product-type-simple"},"_links":{"self":[{"href":"https:\/\/uj.adatbank.ro\/lexikon\/wp-json\/wp\/v2\/product\/18902","targetHints":{"allow":["GET"]}}],"collection":[{"href":"https:\/\/uj.adatbank.ro\/lexikon\/wp-json\/wp\/v2\/product"}],"about":[{"href":"https:\/\/uj.adatbank.ro\/lexikon\/wp-json\/wp\/v2\/types\/product"}],"replies":[{"embeddable":true,"href":"https:\/\/uj.adatbank.ro\/lexikon\/wp-json\/wp\/v2\/comments?post=18902"}],"wp:attachment":[{"href":"https:\/\/uj.adatbank.ro\/lexikon\/wp-json\/wp\/v2\/media?parent=18902"}],"wp:term":[{"taxonomy":"product_brand","embeddable":true,"href":"https:\/\/uj.adatbank.ro\/lexikon\/wp-json\/wp\/v2\/product_brand?post=18902"},{"taxonomy":"product_cat","embeddable":true,"href":"https:\/\/uj.adatbank.ro\/lexikon\/wp-json\/wp\/v2\/product_cat?post=18902"},{"taxonomy":"product_tag","embeddable":true,"href":"https:\/\/uj.adatbank.ro\/lexikon\/wp-json\/wp\/v2\/product_tag?post=18902"}],"curies":[{"name":"wp","href":"https:\/\/api.w.org\/{rel}","templated":true}]}}