{"id":18903,"date":"2025-07-16T11:10:06","date_gmt":"2025-07-16T09:10:06","guid":{"rendered":"https:\/\/uj.adatbank.ro\/lexikon\/termek\/radnoti-peter\/"},"modified":"2025-07-16T11:10:06","modified_gmt":"2025-07-16T09:10:06","slug":"radnoti-peter","status":"publish","type":"product","link":"https:\/\/uj.adatbank.ro\/lexikon\/termek\/radnoti-peter\/","title":{"rendered":"RADN\u00d3TI P\u00e9ter"},"content":{"rendered":"<p>? \u2020 ?: ref. lelk\u00e9sz. \u2013 A mv.-i Ref. Koll.-ban subscrib\u00e1lt (1728). Dedr\u00e1dsz\u00e9plakon, Makfalv\u00e1n volt mester (1735\u201337), \u00c1kosfalv\u00e1n l\u00e9vita (1739\u2013146). Marosszentkir\u00e1lyon (1746\u201348), Mez\u0151bergeny\u00e9ben (1752\u201360) \u00e9s Csejden (1761\u20131781) lelk\u00e9sz. A csejdi szolg\u00e1lata idej\u00e9ben k\u00e9sz\u00edttettek harangot a ref. templom sz\u00e1m\u00e1ra (1767). <br \/><strong>Irod.:<\/strong> Csejd \u2013T\u00f3falva; \u0150sz<\/br><\/p>\n","protected":false},"excerpt":{"rendered":"<p>? \u2020 ?: ref. lelk\u00e9sz. \u2013 A mv.-i Ref. Koll.-ban subscrib\u00e1lt (1728). Dedr\u00e1dsz\u00e9plakon, Makfalv\u00e1n volt mester (1735\u201337), \u00c1kosfalv\u00e1n l\u00e9vita (1739\u2013146). Marosszentkir\u00e1lyon (1746\u201348), Mez\u0151bergeny\u00e9ben (1752\u201360) \u00e9s Csejden (1761\u20131781) lelk\u00e9sz. A csejdi szolg\u00e1lata idej\u00e9ben k\u00e9sz\u00edttettek harangot a ref. templom sz\u00e1m\u00e1ra (1767). Irod.: Csejd \u2013T\u00f3falva; \u0150sz<\/p>\n","protected":false},"featured_media":0,"comment_status":"open","ping_status":"closed","template":"","meta":[],"product_brand":[],"product_cat":[137],"product_tag":[],"class_list":{"0":"post-18903","1":"product","2":"type-product","3":"status-publish","5":"product_cat-maros-megyei-eletrajzi-lexikon","7":"first","8":"instock","9":"shipping-taxable","10":"product-type-simple"},"_links":{"self":[{"href":"https:\/\/uj.adatbank.ro\/lexikon\/wp-json\/wp\/v2\/product\/18903","targetHints":{"allow":["GET"]}}],"collection":[{"href":"https:\/\/uj.adatbank.ro\/lexikon\/wp-json\/wp\/v2\/product"}],"about":[{"href":"https:\/\/uj.adatbank.ro\/lexikon\/wp-json\/wp\/v2\/types\/product"}],"replies":[{"embeddable":true,"href":"https:\/\/uj.adatbank.ro\/lexikon\/wp-json\/wp\/v2\/comments?post=18903"}],"wp:attachment":[{"href":"https:\/\/uj.adatbank.ro\/lexikon\/wp-json\/wp\/v2\/media?parent=18903"}],"wp:term":[{"taxonomy":"product_brand","embeddable":true,"href":"https:\/\/uj.adatbank.ro\/lexikon\/wp-json\/wp\/v2\/product_brand?post=18903"},{"taxonomy":"product_cat","embeddable":true,"href":"https:\/\/uj.adatbank.ro\/lexikon\/wp-json\/wp\/v2\/product_cat?post=18903"},{"taxonomy":"product_tag","embeddable":true,"href":"https:\/\/uj.adatbank.ro\/lexikon\/wp-json\/wp\/v2\/product_tag?post=18903"}],"curies":[{"name":"wp","href":"https:\/\/api.w.org\/{rel}","templated":true}]}}