{"id":18910,"date":"2025-07-16T11:10:25","date_gmt":"2025-07-16T09:10:25","guid":{"rendered":"https:\/\/uj.adatbank.ro\/lexikon\/termek\/rado-kalman\/"},"modified":"2025-07-16T11:10:25","modified_gmt":"2025-07-16T09:10:25","slug":"rado-kalman","status":"publish","type":"product","link":"https:\/\/uj.adatbank.ro\/lexikon\/termek\/rado-kalman\/","title":{"rendered":"RAD\u00d3 K\u00e1lm\u00e1n"},"content":{"rendered":"<p>? \u2020 Mv., : \u00e9p\u00edt\u00e9sz. \u2013 Mv. v\u00e1ros f\u0151m\u00e9rn\u00f6ke, elk\u00e9sz\u00edtette a v\u00e1ros h\u00e1bor\u00fa ut\u00e1ni \u00fajj\u00e1\u00e9p\u00edt\u00e9si terv\u00e9t (1947\u201348) (Szabad Sz\u00f3, 1947. jan. 15.)<\/br><\/p>\n","protected":false},"excerpt":{"rendered":"<p>? \u2020 Mv., : \u00e9p\u00edt\u00e9sz. \u2013 Mv. v\u00e1ros f\u0151m\u00e9rn\u00f6ke, elk\u00e9sz\u00edtette a v\u00e1ros h\u00e1bor\u00fa ut\u00e1ni \u00fajj\u00e1\u00e9p\u00edt\u00e9si terv\u00e9t (1947\u201348) (Szabad Sz\u00f3, 1947. jan. 15.)<\/p>\n","protected":false},"featured_media":0,"comment_status":"open","ping_status":"closed","template":"","meta":[],"product_brand":[],"product_cat":[137],"product_tag":[],"class_list":{"0":"post-18910","1":"product","2":"type-product","3":"status-publish","5":"product_cat-maros-megyei-eletrajzi-lexikon","7":"first","8":"instock","9":"shipping-taxable","10":"product-type-simple"},"_links":{"self":[{"href":"https:\/\/uj.adatbank.ro\/lexikon\/wp-json\/wp\/v2\/product\/18910","targetHints":{"allow":["GET"]}}],"collection":[{"href":"https:\/\/uj.adatbank.ro\/lexikon\/wp-json\/wp\/v2\/product"}],"about":[{"href":"https:\/\/uj.adatbank.ro\/lexikon\/wp-json\/wp\/v2\/types\/product"}],"replies":[{"embeddable":true,"href":"https:\/\/uj.adatbank.ro\/lexikon\/wp-json\/wp\/v2\/comments?post=18910"}],"wp:attachment":[{"href":"https:\/\/uj.adatbank.ro\/lexikon\/wp-json\/wp\/v2\/media?parent=18910"}],"wp:term":[{"taxonomy":"product_brand","embeddable":true,"href":"https:\/\/uj.adatbank.ro\/lexikon\/wp-json\/wp\/v2\/product_brand?post=18910"},{"taxonomy":"product_cat","embeddable":true,"href":"https:\/\/uj.adatbank.ro\/lexikon\/wp-json\/wp\/v2\/product_cat?post=18910"},{"taxonomy":"product_tag","embeddable":true,"href":"https:\/\/uj.adatbank.ro\/lexikon\/wp-json\/wp\/v2\/product_tag?post=18910"}],"curies":[{"name":"wp","href":"https:\/\/api.w.org\/{rel}","templated":true}]}}