{"id":18911,"date":"2025-07-16T11:10:29","date_gmt":"2025-07-16T09:10:29","guid":{"rendered":"https:\/\/uj.adatbank.ro\/lexikon\/termek\/rado-kalman-2\/"},"modified":"2025-07-16T11:10:29","modified_gmt":"2025-07-16T09:10:29","slug":"rado-kalman-2","status":"publish","type":"product","link":"https:\/\/uj.adatbank.ro\/lexikon\/termek\/rado-kalman-2\/","title":{"rendered":"RAD\u00d3 K\u00e1lm\u00e1n"},"content":{"rendered":"<p>1932., \u2020 Mv., 1987. 14.: \u00e9p\u00edt\u00e9sz. \u2013 A mv.-i \u00c9p\u00edt\u00e9szeti Tr\u00f6szt \u00e9p\u00edt\u0151mestere 30 \u00e9ven \u00e1t vett r\u00e9szt a Maros megyei \u00e9s mv.-i \u00e9p\u00edtkez\u00e9sek megval\u00f3s\u00edt\u00e1s\u00e1ban. <br \/><strong>Irod.:<\/strong> Gy\u00e1rf\u00e1s 2013; [Nekrol\u00f3g] (V. Z., 1987. m\u00e1j. 16.)<\/br><\/p>\n","protected":false},"excerpt":{"rendered":"<p>1932., \u2020 Mv., 1987. 14.: \u00e9p\u00edt\u00e9sz. \u2013 A mv.-i \u00c9p\u00edt\u00e9szeti Tr\u00f6szt \u00e9p\u00edt\u0151mestere 30 \u00e9ven \u00e1t vett r\u00e9szt a Maros megyei \u00e9s mv.-i \u00e9p\u00edtkez\u00e9sek megval\u00f3s\u00edt\u00e1s\u00e1ban. Irod.: Gy\u00e1rf\u00e1s 2013; [Nekrol\u00f3g] (V. Z., 1987. m\u00e1j. 16.)<\/p>\n","protected":false},"featured_media":0,"comment_status":"open","ping_status":"closed","template":"","meta":[],"product_brand":[],"product_cat":[137],"product_tag":[],"class_list":{"0":"post-18911","1":"product","2":"type-product","3":"status-publish","5":"product_cat-maros-megyei-eletrajzi-lexikon","7":"first","8":"instock","9":"shipping-taxable","10":"product-type-simple"},"_links":{"self":[{"href":"https:\/\/uj.adatbank.ro\/lexikon\/wp-json\/wp\/v2\/product\/18911","targetHints":{"allow":["GET"]}}],"collection":[{"href":"https:\/\/uj.adatbank.ro\/lexikon\/wp-json\/wp\/v2\/product"}],"about":[{"href":"https:\/\/uj.adatbank.ro\/lexikon\/wp-json\/wp\/v2\/types\/product"}],"replies":[{"embeddable":true,"href":"https:\/\/uj.adatbank.ro\/lexikon\/wp-json\/wp\/v2\/comments?post=18911"}],"wp:attachment":[{"href":"https:\/\/uj.adatbank.ro\/lexikon\/wp-json\/wp\/v2\/media?parent=18911"}],"wp:term":[{"taxonomy":"product_brand","embeddable":true,"href":"https:\/\/uj.adatbank.ro\/lexikon\/wp-json\/wp\/v2\/product_brand?post=18911"},{"taxonomy":"product_cat","embeddable":true,"href":"https:\/\/uj.adatbank.ro\/lexikon\/wp-json\/wp\/v2\/product_cat?post=18911"},{"taxonomy":"product_tag","embeddable":true,"href":"https:\/\/uj.adatbank.ro\/lexikon\/wp-json\/wp\/v2\/product_tag?post=18911"}],"curies":[{"name":"wp","href":"https:\/\/api.w.org\/{rel}","templated":true}]}}