{"id":18916,"date":"2025-07-16T11:10:42","date_gmt":"2025-07-16T09:10:42","guid":{"rendered":"https:\/\/uj.adatbank.ro\/lexikon\/termek\/radu-dionisie-radu-denes\/"},"modified":"2025-07-16T11:10:42","modified_gmt":"2025-07-16T09:10:42","slug":"radu-dionisie-radu-denes","status":"publish","type":"product","link":"https:\/\/uj.adatbank.ro\/lexikon\/termek\/radu-dionisie-radu-denes\/","title":{"rendered":"RADU, Dionisie, R\u00e1du D\u00e9nes"},"content":{"rendered":"<p>Sz\u00e1szn\u00e1das, 1873., \u2020\u00a0?: g. k. pap. \u2013 Tanulm\u00e1nyait Sz\u00e9kelykereszt\u00faron, Sz\u00e9kelyudvarhelyen majd Nagyszebenben v\u00e9gezte. A Marosk\u00f6vesdi egyh\u00e1z vezet\u0151lelk\u00e9sze volt (1911\u201347). <br \/><strong>Irod.:<\/strong> Reghin, Protopopiat; Sz\u00e9kelyf\u00f6ld \u00ed.k.<\/br><\/p>\n","protected":false},"excerpt":{"rendered":"<p>Sz\u00e1szn\u00e1das, 1873., \u2020\u00a0?: g. k. pap. \u2013 Tanulm\u00e1nyait Sz\u00e9kelykereszt\u00faron, Sz\u00e9kelyudvarhelyen majd Nagyszebenben v\u00e9gezte. A Marosk\u00f6vesdi egyh\u00e1z vezet\u0151lelk\u00e9sze volt (1911\u201347). Irod.: Reghin, Protopopiat; Sz\u00e9kelyf\u00f6ld \u00ed.k.<\/p>\n","protected":false},"featured_media":0,"comment_status":"open","ping_status":"closed","template":"","meta":[],"product_brand":[],"product_cat":[137],"product_tag":[],"class_list":{"0":"post-18916","1":"product","2":"type-product","3":"status-publish","5":"product_cat-maros-megyei-eletrajzi-lexikon","7":"first","8":"instock","9":"shipping-taxable","10":"product-type-simple"},"_links":{"self":[{"href":"https:\/\/uj.adatbank.ro\/lexikon\/wp-json\/wp\/v2\/product\/18916","targetHints":{"allow":["GET"]}}],"collection":[{"href":"https:\/\/uj.adatbank.ro\/lexikon\/wp-json\/wp\/v2\/product"}],"about":[{"href":"https:\/\/uj.adatbank.ro\/lexikon\/wp-json\/wp\/v2\/types\/product"}],"replies":[{"embeddable":true,"href":"https:\/\/uj.adatbank.ro\/lexikon\/wp-json\/wp\/v2\/comments?post=18916"}],"wp:attachment":[{"href":"https:\/\/uj.adatbank.ro\/lexikon\/wp-json\/wp\/v2\/media?parent=18916"}],"wp:term":[{"taxonomy":"product_brand","embeddable":true,"href":"https:\/\/uj.adatbank.ro\/lexikon\/wp-json\/wp\/v2\/product_brand?post=18916"},{"taxonomy":"product_cat","embeddable":true,"href":"https:\/\/uj.adatbank.ro\/lexikon\/wp-json\/wp\/v2\/product_cat?post=18916"},{"taxonomy":"product_tag","embeddable":true,"href":"https:\/\/uj.adatbank.ro\/lexikon\/wp-json\/wp\/v2\/product_tag?post=18916"}],"curies":[{"name":"wp","href":"https:\/\/api.w.org\/{rel}","templated":true}]}}