{"id":18917,"date":"2025-07-16T11:10:45","date_gmt":"2025-07-16T09:10:45","guid":{"rendered":"https:\/\/uj.adatbank.ro\/lexikon\/termek\/radu-emil\/"},"modified":"2025-07-16T11:10:45","modified_gmt":"2025-07-16T09:10:45","slug":"radu-emil","status":"publish","type":"product","link":"https:\/\/uj.adatbank.ro\/lexikon\/termek\/radu-emil\/","title":{"rendered":"RADU Emil"},"content":{"rendered":"<p>? \u2020\u00a0?:\u00a0?. <br \/><strong>Irod.:<\/strong> Statutul Societ\u0103\u0163ii V\u00e2n\u0103torilor Diana Tg. Mure\u015f (Tg. Mure\u015f, 1928); Societatea de V\u00e2n\u0103toare Apostolii Tg. Mure\u015f (Tg. M., 1941); <\/br><\/p>\n","protected":false},"excerpt":{"rendered":"<p>? \u2020\u00a0?:\u00a0?. Irod.: Statutul Societ\u0103\u0163ii V\u00e2n\u0103torilor Diana Tg. Mure\u015f (Tg. Mure\u015f, 1928); Societatea de V\u00e2n\u0103toare Apostolii Tg. Mure\u015f (Tg. M., 1941);<\/p>\n","protected":false},"featured_media":0,"comment_status":"open","ping_status":"closed","template":"","meta":[],"product_brand":[],"product_cat":[137],"product_tag":[],"class_list":{"0":"post-18917","1":"product","2":"type-product","3":"status-publish","5":"product_cat-maros-megyei-eletrajzi-lexikon","7":"first","8":"instock","9":"shipping-taxable","10":"product-type-simple"},"_links":{"self":[{"href":"https:\/\/uj.adatbank.ro\/lexikon\/wp-json\/wp\/v2\/product\/18917","targetHints":{"allow":["GET"]}}],"collection":[{"href":"https:\/\/uj.adatbank.ro\/lexikon\/wp-json\/wp\/v2\/product"}],"about":[{"href":"https:\/\/uj.adatbank.ro\/lexikon\/wp-json\/wp\/v2\/types\/product"}],"replies":[{"embeddable":true,"href":"https:\/\/uj.adatbank.ro\/lexikon\/wp-json\/wp\/v2\/comments?post=18917"}],"wp:attachment":[{"href":"https:\/\/uj.adatbank.ro\/lexikon\/wp-json\/wp\/v2\/media?parent=18917"}],"wp:term":[{"taxonomy":"product_brand","embeddable":true,"href":"https:\/\/uj.adatbank.ro\/lexikon\/wp-json\/wp\/v2\/product_brand?post=18917"},{"taxonomy":"product_cat","embeddable":true,"href":"https:\/\/uj.adatbank.ro\/lexikon\/wp-json\/wp\/v2\/product_cat?post=18917"},{"taxonomy":"product_tag","embeddable":true,"href":"https:\/\/uj.adatbank.ro\/lexikon\/wp-json\/wp\/v2\/product_tag?post=18917"}],"curies":[{"name":"wp","href":"https:\/\/api.w.org\/{rel}","templated":true}]}}