{"id":18918,"date":"2025-07-16T11:10:48","date_gmt":"2025-07-16T09:10:48","guid":{"rendered":"https:\/\/uj.adatbank.ro\/lexikon\/termek\/radu-gelu\/"},"modified":"2025-07-16T11:10:48","modified_gmt":"2025-07-16T09:10:48","slug":"radu-gelu","status":"publish","type":"product","link":"https:\/\/uj.adatbank.ro\/lexikon\/termek\/radu-gelu\/","title":{"rendered":"RADU Gelu"},"content":{"rendered":"<p>? \u2020\u00a0?:\u00a0s\u00falyemel\u0151. \u2013 60kg-ban ez\u00fcst\u00e9rmes lett Los Angelesben (1984). <br \/><strong>Irod.:<\/strong> Kl\u00f3sz\u2013Tolok\u00e1n<\/br><\/p>\n","protected":false},"excerpt":{"rendered":"<p>? \u2020\u00a0?:\u00a0s\u00falyemel\u0151. \u2013 60kg-ban ez\u00fcst\u00e9rmes lett Los Angelesben (1984). Irod.: Kl\u00f3sz\u2013Tolok\u00e1n<\/p>\n","protected":false},"featured_media":0,"comment_status":"open","ping_status":"closed","template":"","meta":[],"product_brand":[],"product_cat":[137],"product_tag":[],"class_list":{"0":"post-18918","1":"product","2":"type-product","3":"status-publish","5":"product_cat-maros-megyei-eletrajzi-lexikon","7":"first","8":"instock","9":"shipping-taxable","10":"product-type-simple"},"_links":{"self":[{"href":"https:\/\/uj.adatbank.ro\/lexikon\/wp-json\/wp\/v2\/product\/18918","targetHints":{"allow":["GET"]}}],"collection":[{"href":"https:\/\/uj.adatbank.ro\/lexikon\/wp-json\/wp\/v2\/product"}],"about":[{"href":"https:\/\/uj.adatbank.ro\/lexikon\/wp-json\/wp\/v2\/types\/product"}],"replies":[{"embeddable":true,"href":"https:\/\/uj.adatbank.ro\/lexikon\/wp-json\/wp\/v2\/comments?post=18918"}],"wp:attachment":[{"href":"https:\/\/uj.adatbank.ro\/lexikon\/wp-json\/wp\/v2\/media?parent=18918"}],"wp:term":[{"taxonomy":"product_brand","embeddable":true,"href":"https:\/\/uj.adatbank.ro\/lexikon\/wp-json\/wp\/v2\/product_brand?post=18918"},{"taxonomy":"product_cat","embeddable":true,"href":"https:\/\/uj.adatbank.ro\/lexikon\/wp-json\/wp\/v2\/product_cat?post=18918"},{"taxonomy":"product_tag","embeddable":true,"href":"https:\/\/uj.adatbank.ro\/lexikon\/wp-json\/wp\/v2\/product_tag?post=18918"}],"curies":[{"name":"wp","href":"https:\/\/api.w.org\/{rel}","templated":true}]}}