{"id":1892,"date":"2025-06-28T11:56:48","date_gmt":"2025-06-28T09:56:48","guid":{"rendered":"https:\/\/uj.adatbank.ro\/lexikon\/termek\/bako-mate-bako-mathe-jobbagytelki\/"},"modified":"2025-06-28T11:56:48","modified_gmt":"2025-06-28T09:56:48","slug":"bako-mate-bako-mathe-jobbagytelki","status":"publish","type":"product","link":"https:\/\/uj.adatbank.ro\/lexikon\/termek\/bako-mate-bako-mathe-jobbagytelki\/","title":{"rendered":"BAK\u00d3 M\u00e1t\u00e9, Bak\u00f3 M\u00e1th\u00e9, jobb\u00e1gytelki"},"content":{"rendered":"<p>? \u2020 ? : birtokos, nemes. \u2013 B\u00e1thori G\u00e1bort\u00f3l \u00faj adom\u00e1nyt nyert Jobb\u00e1gytelk\u00e9n \u00e9s Hodoson lev\u0151 r\u00e9szj\u00f3sz\u00e1gaira (1610. jan. 5). <br \/><strong>Irod.:<\/strong> Cs\u00edkfalva; Kempelen; MCK; P\u00e1lmay<\/br><\/p>\n","protected":false},"excerpt":{"rendered":"<p>? \u2020 ? : birtokos, nemes. \u2013 B\u00e1thori G\u00e1bort\u00f3l \u00faj adom\u00e1nyt nyert Jobb\u00e1gytelk\u00e9n \u00e9s Hodoson lev\u0151 r\u00e9szj\u00f3sz\u00e1gaira (1610. jan. 5). Irod.: Cs\u00edkfalva; Kempelen; MCK; P\u00e1lmay<\/p>\n","protected":false},"featured_media":0,"comment_status":"open","ping_status":"closed","template":"","meta":[],"product_brand":[],"product_cat":[137],"product_tag":[],"class_list":{"0":"post-1892","1":"product","2":"type-product","3":"status-publish","5":"product_cat-maros-megyei-eletrajzi-lexikon","7":"first","8":"instock","9":"shipping-taxable","10":"product-type-simple"},"_links":{"self":[{"href":"https:\/\/uj.adatbank.ro\/lexikon\/wp-json\/wp\/v2\/product\/1892","targetHints":{"allow":["GET"]}}],"collection":[{"href":"https:\/\/uj.adatbank.ro\/lexikon\/wp-json\/wp\/v2\/product"}],"about":[{"href":"https:\/\/uj.adatbank.ro\/lexikon\/wp-json\/wp\/v2\/types\/product"}],"replies":[{"embeddable":true,"href":"https:\/\/uj.adatbank.ro\/lexikon\/wp-json\/wp\/v2\/comments?post=1892"}],"wp:attachment":[{"href":"https:\/\/uj.adatbank.ro\/lexikon\/wp-json\/wp\/v2\/media?parent=1892"}],"wp:term":[{"taxonomy":"product_brand","embeddable":true,"href":"https:\/\/uj.adatbank.ro\/lexikon\/wp-json\/wp\/v2\/product_brand?post=1892"},{"taxonomy":"product_cat","embeddable":true,"href":"https:\/\/uj.adatbank.ro\/lexikon\/wp-json\/wp\/v2\/product_cat?post=1892"},{"taxonomy":"product_tag","embeddable":true,"href":"https:\/\/uj.adatbank.ro\/lexikon\/wp-json\/wp\/v2\/product_tag?post=1892"}],"curies":[{"name":"wp","href":"https:\/\/api.w.org\/{rel}","templated":true}]}}