{"id":18921,"date":"2025-07-16T11:10:55","date_gmt":"2025-07-16T09:10:55","guid":{"rendered":"https:\/\/uj.adatbank.ro\/lexikon\/termek\/radu-mihai-radu-r-mihai\/"},"modified":"2025-07-16T11:10:55","modified_gmt":"2025-07-16T09:10:55","slug":"radu-mihai-radu-r-mihai","status":"publish","type":"product","link":"https:\/\/uj.adatbank.ro\/lexikon\/termek\/radu-mihai-radu-r-mihai\/","title":{"rendered":"RADU, Mihai; Radu, R. Mihai"},"content":{"rendered":"<p>\u2192Vajdaszentiv\u00e1ny, ?, \u2020 Majsz\u00edn, 1944. okt.14.: vajdaszentiv\u00e1nyi \u00e1ldozat. \u2013 Egyik \u00e1ldozata a horthyst\u00e1k \u00e1ltal Fels\u0151vis\u00f3ba k\u00e9nyszermunk\u00e1ra hurcolt, majd \u00e1rtatlanul lel\u0151tt 35 rom\u00e1n \u00e9s 3 zsid\u00f3 embernek. <br \/><strong>Irod.:<\/strong> F\u0103r\u0103g\u0103u<\/br><\/p>\n","protected":false},"excerpt":{"rendered":"<p>\u2192Vajdaszentiv\u00e1ny, ?, \u2020 Majsz\u00edn, 1944. okt.14.: vajdaszentiv\u00e1nyi \u00e1ldozat. \u2013 Egyik \u00e1ldozata a horthyst\u00e1k \u00e1ltal Fels\u0151vis\u00f3ba k\u00e9nyszermunk\u00e1ra hurcolt, majd \u00e1rtatlanul lel\u0151tt 35 rom\u00e1n \u00e9s 3 zsid\u00f3 embernek. Irod.: F\u0103r\u0103g\u0103u<\/p>\n","protected":false},"featured_media":0,"comment_status":"open","ping_status":"closed","template":"","meta":[],"product_brand":[],"product_cat":[137],"product_tag":[],"class_list":{"0":"post-18921","1":"product","2":"type-product","3":"status-publish","5":"product_cat-maros-megyei-eletrajzi-lexikon","7":"first","8":"instock","9":"shipping-taxable","10":"product-type-simple"},"_links":{"self":[{"href":"https:\/\/uj.adatbank.ro\/lexikon\/wp-json\/wp\/v2\/product\/18921","targetHints":{"allow":["GET"]}}],"collection":[{"href":"https:\/\/uj.adatbank.ro\/lexikon\/wp-json\/wp\/v2\/product"}],"about":[{"href":"https:\/\/uj.adatbank.ro\/lexikon\/wp-json\/wp\/v2\/types\/product"}],"replies":[{"embeddable":true,"href":"https:\/\/uj.adatbank.ro\/lexikon\/wp-json\/wp\/v2\/comments?post=18921"}],"wp:attachment":[{"href":"https:\/\/uj.adatbank.ro\/lexikon\/wp-json\/wp\/v2\/media?parent=18921"}],"wp:term":[{"taxonomy":"product_brand","embeddable":true,"href":"https:\/\/uj.adatbank.ro\/lexikon\/wp-json\/wp\/v2\/product_brand?post=18921"},{"taxonomy":"product_cat","embeddable":true,"href":"https:\/\/uj.adatbank.ro\/lexikon\/wp-json\/wp\/v2\/product_cat?post=18921"},{"taxonomy":"product_tag","embeddable":true,"href":"https:\/\/uj.adatbank.ro\/lexikon\/wp-json\/wp\/v2\/product_tag?post=18921"}],"curies":[{"name":"wp","href":"https:\/\/api.w.org\/{rel}","templated":true}]}}