{"id":18922,"date":"2025-07-16T11:10:58","date_gmt":"2025-07-16T09:10:58","guid":{"rendered":"https:\/\/uj.adatbank.ro\/lexikon\/termek\/radu-nicolau-raduly-nicolau\/"},"modified":"2025-07-16T11:10:58","modified_gmt":"2025-07-16T09:10:58","slug":"radu-nicolau-raduly-nicolau","status":"publish","type":"product","link":"https:\/\/uj.adatbank.ro\/lexikon\/termek\/radu-nicolau-raduly-nicolau\/","title":{"rendered":"RADU, Nicolau; R\u00e1duly, Nicolau"},"content":{"rendered":"<p>Teleac, 1865. m\u00e1j. 10.,\u2020 ?: g. kat..seg\u00e9dpap. \u2013 Bal\u00e1zsfalv\u00e1n v\u00e9gezte a 3 \u00e9ves gimn.-ot (1884), majd a 2 \u00e9ves teol\u00f3gi\u00e1t (1890), papp\u00e1 szentlt\u00e9k (1891. \u00e1pr. 6.). Apja, Iacob Radu, Marosteleken volt pap, mellette szolg\u00e1lt (1891\u2013). Apja hal\u00e1la ut\u00e1n \u0151 lett a pl\u00e9b\u00e1nos. <br \/><strong>Irod.:<\/strong> Dobozi<\/br><\/p>\n","protected":false},"excerpt":{"rendered":"<p>Teleac, 1865. m\u00e1j. 10.,\u2020 ?: g. kat..seg\u00e9dpap. \u2013 Bal\u00e1zsfalv\u00e1n v\u00e9gezte a 3 \u00e9ves gimn.-ot (1884), majd a 2 \u00e9ves teol\u00f3gi\u00e1t (1890), papp\u00e1 szentlt\u00e9k (1891. \u00e1pr. 6.). Apja, Iacob Radu, Marosteleken volt pap, mellette szolg\u00e1lt (1891\u2013). Apja hal\u00e1la ut\u00e1n \u0151 lett a pl\u00e9b\u00e1nos. Irod.: Dobozi<\/p>\n","protected":false},"featured_media":0,"comment_status":"open","ping_status":"closed","template":"","meta":[],"product_brand":[],"product_cat":[137],"product_tag":[],"class_list":{"0":"post-18922","1":"product","2":"type-product","3":"status-publish","5":"product_cat-maros-megyei-eletrajzi-lexikon","7":"first","8":"instock","9":"shipping-taxable","10":"product-type-simple"},"_links":{"self":[{"href":"https:\/\/uj.adatbank.ro\/lexikon\/wp-json\/wp\/v2\/product\/18922","targetHints":{"allow":["GET"]}}],"collection":[{"href":"https:\/\/uj.adatbank.ro\/lexikon\/wp-json\/wp\/v2\/product"}],"about":[{"href":"https:\/\/uj.adatbank.ro\/lexikon\/wp-json\/wp\/v2\/types\/product"}],"replies":[{"embeddable":true,"href":"https:\/\/uj.adatbank.ro\/lexikon\/wp-json\/wp\/v2\/comments?post=18922"}],"wp:attachment":[{"href":"https:\/\/uj.adatbank.ro\/lexikon\/wp-json\/wp\/v2\/media?parent=18922"}],"wp:term":[{"taxonomy":"product_brand","embeddable":true,"href":"https:\/\/uj.adatbank.ro\/lexikon\/wp-json\/wp\/v2\/product_brand?post=18922"},{"taxonomy":"product_cat","embeddable":true,"href":"https:\/\/uj.adatbank.ro\/lexikon\/wp-json\/wp\/v2\/product_cat?post=18922"},{"taxonomy":"product_tag","embeddable":true,"href":"https:\/\/uj.adatbank.ro\/lexikon\/wp-json\/wp\/v2\/product_tag?post=18922"}],"curies":[{"name":"wp","href":"https:\/\/api.w.org\/{rel}","templated":true}]}}