{"id":18924,"date":"2025-07-16T11:11:03","date_gmt":"2025-07-16T09:11:03","guid":{"rendered":"https:\/\/uj.adatbank.ro\/lexikon\/termek\/radu-stefan\/"},"modified":"2025-07-16T11:11:03","modified_gmt":"2025-07-16T09:11:03","slug":"radu-stefan","status":"publish","type":"product","link":"https:\/\/uj.adatbank.ro\/lexikon\/termek\/radu-stefan\/","title":{"rendered":"RADU, \u015etefan"},"content":{"rendered":"<p>? \u2020\u00a0?: titk\u00e1r. \u2013 A MMAT tartom\u00e1nyi n\u00e9ptan\u00e1cs v\u00e9grehajt\u00f3 bizotts\u00e1g\u00e1nak titk\u00e1ra (1960-as \u00e9vek). <br \/><strong>Irod.:<\/strong> Aranykorszak<\/br><\/p>\n","protected":false},"excerpt":{"rendered":"<p>? \u2020\u00a0?: titk\u00e1r. \u2013 A MMAT tartom\u00e1nyi n\u00e9ptan\u00e1cs v\u00e9grehajt\u00f3 bizotts\u00e1g\u00e1nak titk\u00e1ra (1960-as \u00e9vek). Irod.: Aranykorszak<\/p>\n","protected":false},"featured_media":0,"comment_status":"open","ping_status":"closed","template":"","meta":[],"product_brand":[],"product_cat":[137],"product_tag":[],"class_list":{"0":"post-18924","1":"product","2":"type-product","3":"status-publish","5":"product_cat-maros-megyei-eletrajzi-lexikon","7":"first","8":"instock","9":"shipping-taxable","10":"product-type-simple"},"_links":{"self":[{"href":"https:\/\/uj.adatbank.ro\/lexikon\/wp-json\/wp\/v2\/product\/18924","targetHints":{"allow":["GET"]}}],"collection":[{"href":"https:\/\/uj.adatbank.ro\/lexikon\/wp-json\/wp\/v2\/product"}],"about":[{"href":"https:\/\/uj.adatbank.ro\/lexikon\/wp-json\/wp\/v2\/types\/product"}],"replies":[{"embeddable":true,"href":"https:\/\/uj.adatbank.ro\/lexikon\/wp-json\/wp\/v2\/comments?post=18924"}],"wp:attachment":[{"href":"https:\/\/uj.adatbank.ro\/lexikon\/wp-json\/wp\/v2\/media?parent=18924"}],"wp:term":[{"taxonomy":"product_brand","embeddable":true,"href":"https:\/\/uj.adatbank.ro\/lexikon\/wp-json\/wp\/v2\/product_brand?post=18924"},{"taxonomy":"product_cat","embeddable":true,"href":"https:\/\/uj.adatbank.ro\/lexikon\/wp-json\/wp\/v2\/product_cat?post=18924"},{"taxonomy":"product_tag","embeddable":true,"href":"https:\/\/uj.adatbank.ro\/lexikon\/wp-json\/wp\/v2\/product_tag?post=18924"}],"curies":[{"name":"wp","href":"https:\/\/api.w.org\/{rel}","templated":true}]}}