{"id":18929,"date":"2025-07-16T11:11:14","date_gmt":"2025-07-16T09:11:14","guid":{"rendered":"https:\/\/uj.adatbank.ro\/lexikon\/termek\/radulescu-constantin\/"},"modified":"2025-07-16T11:11:14","modified_gmt":"2025-07-16T09:11:14","slug":"radulescu-constantin","status":"publish","type":"product","link":"https:\/\/uj.adatbank.ro\/lexikon\/termek\/radulescu-constantin\/","title":{"rendered":"R\u0102DULESCU, Constantin"},"content":{"rendered":"<p>?\u00a0\u2020\u00a0?: MAT Securitate Tartom\u00e1nyi Igazgat\u00f3s\u00e1ga mv.-i hivatal\u00e1ban hadnagy (1962), f\u0151hadnagy (1966), Marosh\u00e9v\u00edzen folytatta tev\u00e9kenys\u00e9g\u00e9t mint szekci\u00f3 vezet\u0151 (1967). <br \/><strong>Irod.:<\/strong> Bartos 2012<\/br><\/p>\n","protected":false},"excerpt":{"rendered":"<p>?\u00a0\u2020\u00a0?: MAT Securitate Tartom\u00e1nyi Igazgat\u00f3s\u00e1ga mv.-i hivatal\u00e1ban hadnagy (1962), f\u0151hadnagy (1966), Marosh\u00e9v\u00edzen folytatta tev\u00e9kenys\u00e9g\u00e9t mint szekci\u00f3 vezet\u0151 (1967). Irod.: Bartos 2012<\/p>\n","protected":false},"featured_media":0,"comment_status":"open","ping_status":"closed","template":"","meta":[],"product_brand":[],"product_cat":[137],"product_tag":[],"class_list":{"0":"post-18929","1":"product","2":"type-product","3":"status-publish","5":"product_cat-maros-megyei-eletrajzi-lexikon","7":"first","8":"instock","9":"shipping-taxable","10":"product-type-simple"},"_links":{"self":[{"href":"https:\/\/uj.adatbank.ro\/lexikon\/wp-json\/wp\/v2\/product\/18929","targetHints":{"allow":["GET"]}}],"collection":[{"href":"https:\/\/uj.adatbank.ro\/lexikon\/wp-json\/wp\/v2\/product"}],"about":[{"href":"https:\/\/uj.adatbank.ro\/lexikon\/wp-json\/wp\/v2\/types\/product"}],"replies":[{"embeddable":true,"href":"https:\/\/uj.adatbank.ro\/lexikon\/wp-json\/wp\/v2\/comments?post=18929"}],"wp:attachment":[{"href":"https:\/\/uj.adatbank.ro\/lexikon\/wp-json\/wp\/v2\/media?parent=18929"}],"wp:term":[{"taxonomy":"product_brand","embeddable":true,"href":"https:\/\/uj.adatbank.ro\/lexikon\/wp-json\/wp\/v2\/product_brand?post=18929"},{"taxonomy":"product_cat","embeddable":true,"href":"https:\/\/uj.adatbank.ro\/lexikon\/wp-json\/wp\/v2\/product_cat?post=18929"},{"taxonomy":"product_tag","embeddable":true,"href":"https:\/\/uj.adatbank.ro\/lexikon\/wp-json\/wp\/v2\/product_tag?post=18929"}],"curies":[{"name":"wp","href":"https:\/\/api.w.org\/{rel}","templated":true}]}}