{"id":18931,"date":"2025-07-16T11:11:17","date_gmt":"2025-07-16T09:11:17","guid":{"rendered":"https:\/\/uj.adatbank.ro\/lexikon\/termek\/raduly-balazs\/"},"modified":"2025-07-16T11:11:17","modified_gmt":"2025-07-16T09:11:17","slug":"raduly-balazs","status":"publish","type":"product","link":"https:\/\/uj.adatbank.ro\/lexikon\/termek\/raduly-balazs\/","title":{"rendered":"R\u00c1DULY Bal\u00e1zs"},"content":{"rendered":"<p>Szenth\u00e1roms\u00e1g,1906. febr. 24., \u2020\u00a0?\u00a0: gazd\u00e1lkod\u00f3. \u2013 Letart\u00f3ztatt\u00e1k (1961. aug. 3.) \u00e9s a MAT Katonai \u00dcgy\u00e9szs\u00e9ge a kollekt\u00edv gazd\u00e1lkod\u00e1st \u00e9s a p\u00e1rtot becsm\u00e9rl\u0151 kijelent\u00e9sekkel v\u00e1dolva \u00e1ll\u00edtotta b\u00edr\u00f3s\u00e1g el\u00e9. 5 \u00e9vre \u00edt\u00e9lt\u00e9k (szabadult\u00a0:1964. \u00e1pr. 15.). <br \/><strong>Irod.:<\/strong> 1956 Erd\u00e9lyben<\/br><\/p>\n","protected":false},"excerpt":{"rendered":"<p>Szenth\u00e1roms\u00e1g,1906. febr. 24., \u2020\u00a0?\u00a0: gazd\u00e1lkod\u00f3. \u2013 Letart\u00f3ztatt\u00e1k (1961. aug. 3.) \u00e9s a MAT Katonai \u00dcgy\u00e9szs\u00e9ge a kollekt\u00edv gazd\u00e1lkod\u00e1st \u00e9s a p\u00e1rtot becsm\u00e9rl\u0151 kijelent\u00e9sekkel v\u00e1dolva \u00e1ll\u00edtotta b\u00edr\u00f3s\u00e1g el\u00e9. 5 \u00e9vre \u00edt\u00e9lt\u00e9k (szabadult\u00a0:1964. \u00e1pr. 15.). Irod.: 1956 Erd\u00e9lyben<\/p>\n","protected":false},"featured_media":0,"comment_status":"open","ping_status":"closed","template":"","meta":[],"product_brand":[],"product_cat":[137],"product_tag":[],"class_list":{"0":"post-18931","1":"product","2":"type-product","3":"status-publish","5":"product_cat-maros-megyei-eletrajzi-lexikon","7":"first","8":"instock","9":"shipping-taxable","10":"product-type-simple"},"_links":{"self":[{"href":"https:\/\/uj.adatbank.ro\/lexikon\/wp-json\/wp\/v2\/product\/18931","targetHints":{"allow":["GET"]}}],"collection":[{"href":"https:\/\/uj.adatbank.ro\/lexikon\/wp-json\/wp\/v2\/product"}],"about":[{"href":"https:\/\/uj.adatbank.ro\/lexikon\/wp-json\/wp\/v2\/types\/product"}],"replies":[{"embeddable":true,"href":"https:\/\/uj.adatbank.ro\/lexikon\/wp-json\/wp\/v2\/comments?post=18931"}],"wp:attachment":[{"href":"https:\/\/uj.adatbank.ro\/lexikon\/wp-json\/wp\/v2\/media?parent=18931"}],"wp:term":[{"taxonomy":"product_brand","embeddable":true,"href":"https:\/\/uj.adatbank.ro\/lexikon\/wp-json\/wp\/v2\/product_brand?post=18931"},{"taxonomy":"product_cat","embeddable":true,"href":"https:\/\/uj.adatbank.ro\/lexikon\/wp-json\/wp\/v2\/product_cat?post=18931"},{"taxonomy":"product_tag","embeddable":true,"href":"https:\/\/uj.adatbank.ro\/lexikon\/wp-json\/wp\/v2\/product_tag?post=18931"}],"curies":[{"name":"wp","href":"https:\/\/api.w.org\/{rel}","templated":true}]}}