{"id":18934,"date":"2025-07-16T11:11:23","date_gmt":"2025-07-16T09:11:23","guid":{"rendered":"https:\/\/uj.adatbank.ro\/lexikon\/termek\/raduly-janos\/"},"modified":"2025-07-16T11:11:23","modified_gmt":"2025-07-16T09:11:23","slug":"raduly-janos","status":"publish","type":"product","link":"https:\/\/uj.adatbank.ro\/lexikon\/termek\/raduly-janos\/","title":{"rendered":"R\u00c1DULY J\u00e1nos"},"content":{"rendered":"<p>? \u2020 ?: r. k. pl\u00e9b\u00e1nos. \u2013 Sz\u00e1szr\u00e9gen k\u00f6rzet ideiglenes r. kat. pl\u00e9b\u00e1nosa \u00e9s intend\u00e1nsa (1809). <br \/><strong>Irod.:<\/strong> Dobozi<\/br><\/p>\n","protected":false},"excerpt":{"rendered":"<p>? \u2020 ?: r. k. pl\u00e9b\u00e1nos. \u2013 Sz\u00e1szr\u00e9gen k\u00f6rzet ideiglenes r. kat. pl\u00e9b\u00e1nosa \u00e9s intend\u00e1nsa (1809). Irod.: Dobozi<\/p>\n","protected":false},"featured_media":0,"comment_status":"open","ping_status":"closed","template":"","meta":[],"product_brand":[],"product_cat":[137],"product_tag":[],"class_list":{"0":"post-18934","1":"product","2":"type-product","3":"status-publish","5":"product_cat-maros-megyei-eletrajzi-lexikon","7":"first","8":"instock","9":"shipping-taxable","10":"product-type-simple"},"_links":{"self":[{"href":"https:\/\/uj.adatbank.ro\/lexikon\/wp-json\/wp\/v2\/product\/18934","targetHints":{"allow":["GET"]}}],"collection":[{"href":"https:\/\/uj.adatbank.ro\/lexikon\/wp-json\/wp\/v2\/product"}],"about":[{"href":"https:\/\/uj.adatbank.ro\/lexikon\/wp-json\/wp\/v2\/types\/product"}],"replies":[{"embeddable":true,"href":"https:\/\/uj.adatbank.ro\/lexikon\/wp-json\/wp\/v2\/comments?post=18934"}],"wp:attachment":[{"href":"https:\/\/uj.adatbank.ro\/lexikon\/wp-json\/wp\/v2\/media?parent=18934"}],"wp:term":[{"taxonomy":"product_brand","embeddable":true,"href":"https:\/\/uj.adatbank.ro\/lexikon\/wp-json\/wp\/v2\/product_brand?post=18934"},{"taxonomy":"product_cat","embeddable":true,"href":"https:\/\/uj.adatbank.ro\/lexikon\/wp-json\/wp\/v2\/product_cat?post=18934"},{"taxonomy":"product_tag","embeddable":true,"href":"https:\/\/uj.adatbank.ro\/lexikon\/wp-json\/wp\/v2\/product_tag?post=18934"}],"curies":[{"name":"wp","href":"https:\/\/api.w.org\/{rel}","templated":true}]}}