{"id":1894,"date":"2025-06-28T11:56:52","date_gmt":"2025-06-28T09:56:52","guid":{"rendered":"https:\/\/uj.adatbank.ro\/lexikon\/termek\/bako-mihaly-naznanfalvi\/"},"modified":"2025-06-28T11:56:52","modified_gmt":"2025-06-28T09:56:52","slug":"bako-mihaly-naznanfalvi","status":"publish","type":"product","link":"https:\/\/uj.adatbank.ro\/lexikon\/termek\/bako-mihaly-naznanfalvi\/","title":{"rendered":"BAK\u00d3 Mih\u00e1ly, n\u00e1zn\u00e1nfalvi"},"content":{"rendered":"<p>? \u2020\u00a0? : birtokos. \u2013 N\u00e1zn\u00e1nfalvi birtokos, \u00f6r\u00f6k\u00fcl hagyta a maroszentkir\u00e1lyi p\u00e1los kolostornak B\u00e1rdos faluban tal\u00e1lhat\u00f3 minden birtokr\u00e9sz\u00e9t, erdej\u00e9t, r\u00e9tj\u00e9t, sz\u00e1nt\u00f3j\u00e1t, sz\u0151l\u0151s\u00e9t \u00e9s halastav\u00e1t (1403, 1431). <br \/><strong>Irod.:<\/strong> Darvas-Kozma J\u00f3zsef: A p\u00e1losok Erd\u00e9lyben (N\u00fa., Sz\u00ednes Vil\u00e1g, 2011. m\u00e1j. 7.); Id\u0151t\u00e1r 1.; K\u00e1d\u00e1r \u2013 P\u00e1l-Antal; P\u00e1l-Antal 2009<\/br><\/p>\n","protected":false},"excerpt":{"rendered":"<p>? \u2020\u00a0? : birtokos. \u2013 N\u00e1zn\u00e1nfalvi birtokos, \u00f6r\u00f6k\u00fcl hagyta a maroszentkir\u00e1lyi p\u00e1los kolostornak B\u00e1rdos faluban tal\u00e1lhat\u00f3 minden birtokr\u00e9sz\u00e9t, erdej\u00e9t, r\u00e9tj\u00e9t, sz\u00e1nt\u00f3j\u00e1t, sz\u0151l\u0151s\u00e9t \u00e9s halastav\u00e1t (1403, 1431). Irod.: Darvas-Kozma J\u00f3zsef: A p\u00e1losok Erd\u00e9lyben (N\u00fa., Sz\u00ednes Vil\u00e1g, 2011. m\u00e1j. 7.); Id\u0151t\u00e1r 1.; K\u00e1d\u00e1r \u2013 P\u00e1l-Antal; P\u00e1l-Antal 2009<\/p>\n","protected":false},"featured_media":0,"comment_status":"open","ping_status":"closed","template":"","meta":[],"product_brand":[],"product_cat":[137],"product_tag":[],"class_list":{"0":"post-1894","1":"product","2":"type-product","3":"status-publish","5":"product_cat-maros-megyei-eletrajzi-lexikon","7":"first","8":"instock","9":"shipping-taxable","10":"product-type-simple"},"_links":{"self":[{"href":"https:\/\/uj.adatbank.ro\/lexikon\/wp-json\/wp\/v2\/product\/1894","targetHints":{"allow":["GET"]}}],"collection":[{"href":"https:\/\/uj.adatbank.ro\/lexikon\/wp-json\/wp\/v2\/product"}],"about":[{"href":"https:\/\/uj.adatbank.ro\/lexikon\/wp-json\/wp\/v2\/types\/product"}],"replies":[{"embeddable":true,"href":"https:\/\/uj.adatbank.ro\/lexikon\/wp-json\/wp\/v2\/comments?post=1894"}],"wp:attachment":[{"href":"https:\/\/uj.adatbank.ro\/lexikon\/wp-json\/wp\/v2\/media?parent=1894"}],"wp:term":[{"taxonomy":"product_brand","embeddable":true,"href":"https:\/\/uj.adatbank.ro\/lexikon\/wp-json\/wp\/v2\/product_brand?post=1894"},{"taxonomy":"product_cat","embeddable":true,"href":"https:\/\/uj.adatbank.ro\/lexikon\/wp-json\/wp\/v2\/product_cat?post=1894"},{"taxonomy":"product_tag","embeddable":true,"href":"https:\/\/uj.adatbank.ro\/lexikon\/wp-json\/wp\/v2\/product_tag?post=1894"}],"curies":[{"name":"wp","href":"https:\/\/api.w.org\/{rel}","templated":true}]}}