{"id":18942,"date":"2025-07-16T11:11:42","date_gmt":"2025-07-16T09:11:42","guid":{"rendered":"https:\/\/uj.adatbank.ro\/lexikon\/termek\/radvanczi-marton\/"},"modified":"2025-07-16T11:11:42","modified_gmt":"2025-07-16T09:11:42","slug":"radvanczi-marton","status":"publish","type":"product","link":"https:\/\/uj.adatbank.ro\/lexikon\/termek\/radvanczi-marton\/","title":{"rendered":"RADVANCZI M\u00e1rton"},"content":{"rendered":"<p>? \u2020\u00a0?: \u00edt\u00e9l\u0151mester, f\u00f6ldbirtokos. \u2013 Tiszts\u00e9g\u00e9ben v\u00e9gzett szolg\u00e1latai\u00e9rt B\u00e1thory Zsigmondt\u00f3l (1589. m\u00e1rc. 18.) meger\u0151s\u00edtette tulajdon\u00e1ban \u00e9s ut\u00f3dainak \u00f6r\u00f6kjogon hagyta Magyarf\u00fclp\u00f6s birtok fel\u00e9t, a nemesi udvarh\u00e1zat. <br \/><strong>Irod.:<\/strong> Magyarf\u00fclp\u00f6s<\/br><\/p>\n","protected":false},"excerpt":{"rendered":"<p>? \u2020\u00a0?: \u00edt\u00e9l\u0151mester, f\u00f6ldbirtokos. \u2013 Tiszts\u00e9g\u00e9ben v\u00e9gzett szolg\u00e1latai\u00e9rt B\u00e1thory Zsigmondt\u00f3l (1589. m\u00e1rc. 18.) meger\u0151s\u00edtette tulajdon\u00e1ban \u00e9s ut\u00f3dainak \u00f6r\u00f6kjogon hagyta Magyarf\u00fclp\u00f6s birtok fel\u00e9t, a nemesi udvarh\u00e1zat. Irod.: Magyarf\u00fclp\u00f6s<\/p>\n","protected":false},"featured_media":0,"comment_status":"open","ping_status":"closed","template":"","meta":[],"product_brand":[],"product_cat":[137],"product_tag":[],"class_list":{"0":"post-18942","1":"product","2":"type-product","3":"status-publish","5":"product_cat-maros-megyei-eletrajzi-lexikon","7":"first","8":"instock","9":"shipping-taxable","10":"product-type-simple"},"_links":{"self":[{"href":"https:\/\/uj.adatbank.ro\/lexikon\/wp-json\/wp\/v2\/product\/18942","targetHints":{"allow":["GET"]}}],"collection":[{"href":"https:\/\/uj.adatbank.ro\/lexikon\/wp-json\/wp\/v2\/product"}],"about":[{"href":"https:\/\/uj.adatbank.ro\/lexikon\/wp-json\/wp\/v2\/types\/product"}],"replies":[{"embeddable":true,"href":"https:\/\/uj.adatbank.ro\/lexikon\/wp-json\/wp\/v2\/comments?post=18942"}],"wp:attachment":[{"href":"https:\/\/uj.adatbank.ro\/lexikon\/wp-json\/wp\/v2\/media?parent=18942"}],"wp:term":[{"taxonomy":"product_brand","embeddable":true,"href":"https:\/\/uj.adatbank.ro\/lexikon\/wp-json\/wp\/v2\/product_brand?post=18942"},{"taxonomy":"product_cat","embeddable":true,"href":"https:\/\/uj.adatbank.ro\/lexikon\/wp-json\/wp\/v2\/product_cat?post=18942"},{"taxonomy":"product_tag","embeddable":true,"href":"https:\/\/uj.adatbank.ro\/lexikon\/wp-json\/wp\/v2\/product_tag?post=18942"}],"curies":[{"name":"wp","href":"https:\/\/api.w.org\/{rel}","templated":true}]}}