{"id":18943,"date":"2025-07-16T11:11:45","date_gmt":"2025-07-16T09:11:45","guid":{"rendered":"https:\/\/uj.adatbank.ro\/lexikon\/termek\/radvanyi-jozsef-%c2%a7-iosif\/"},"modified":"2025-07-16T11:11:45","modified_gmt":"2025-07-16T09:11:45","slug":"radvanyi-jozsef-%c2%a7-iosif","status":"publish","type":"product","link":"https:\/\/uj.adatbank.ro\/lexikon\/termek\/radvanyi-jozsef-%c2%a7-iosif\/","title":{"rendered":"RADV\u00c1NYI J\u00f3zsef, \u00a7 Iosif"},"content":{"rendered":"<p>1927., \u2020\u00a0Mv., 1997. szept. 16.\u00a0: \u00e9p\u00edt\u00e9szm\u00e9rn\u00f6k, kutat\u00f3. \u2013 A m\u00e9rn\u00f6ki tudom\u00e1nyok doktora, kutat\u00e1si ter\u00fclete a betonadal\u00e9k-anyagok vizsg\u00e1lata, el\u0151\u00e1ll\u00edt\u00e1sa, technol\u00f3gi\u00e1k m\u00f3dos\u00edt\u00e1sa. A mv.-i \u00c9p\u00edtkez\u00e9si Tr\u00f6szt \/ TCM laborat\u00f3rium\u00e1nak vezet\u0151je (1956 \u2013 ). \u2013 <strong>F. m.:<\/strong> Metode noi pentru determinarea caracteristicilor unor materiale de construc\u0163ii (Buc., 1962). <br \/><strong>Irod.:<\/strong> Erd\u00e9lyi Lajos: \u00daj\u00edt\u00f3 szellem, kutat\u00f3 szenved\u00e9ly (\u00daj \u00c9let, 16. sz., 1979); [Nekrol\u00f3g] (N\u00fa., 1997. szept. 16.)<\/br><\/p>\n","protected":false},"excerpt":{"rendered":"<p>1927., \u2020\u00a0Mv., 1997. szept. 16.\u00a0: \u00e9p\u00edt\u00e9szm\u00e9rn\u00f6k, kutat\u00f3. \u2013 A m\u00e9rn\u00f6ki tudom\u00e1nyok doktora, kutat\u00e1si ter\u00fclete a betonadal\u00e9k-anyagok vizsg\u00e1lata, el\u0151\u00e1ll\u00edt\u00e1sa, technol\u00f3gi\u00e1k m\u00f3dos\u00edt\u00e1sa. A mv.-i \u00c9p\u00edtkez\u00e9si Tr\u00f6szt \/ TCM laborat\u00f3rium\u00e1nak vezet\u0151je (1956 \u2013 ). \u2013 F. m.: Metode noi pentru determinarea caracteristicilor unor materiale de construc\u0163ii (Buc., 1962). Irod.: Erd\u00e9lyi Lajos: \u00daj\u00edt\u00f3 szellem, kutat\u00f3 szenved\u00e9ly (\u00daj \u00c9let, 16. [&hellip;]<\/p>\n","protected":false},"featured_media":0,"comment_status":"open","ping_status":"closed","template":"","meta":[],"product_brand":[],"product_cat":[137],"product_tag":[],"class_list":{"0":"post-18943","1":"product","2":"type-product","3":"status-publish","5":"product_cat-maros-megyei-eletrajzi-lexikon","7":"first","8":"instock","9":"shipping-taxable","10":"product-type-simple"},"_links":{"self":[{"href":"https:\/\/uj.adatbank.ro\/lexikon\/wp-json\/wp\/v2\/product\/18943","targetHints":{"allow":["GET"]}}],"collection":[{"href":"https:\/\/uj.adatbank.ro\/lexikon\/wp-json\/wp\/v2\/product"}],"about":[{"href":"https:\/\/uj.adatbank.ro\/lexikon\/wp-json\/wp\/v2\/types\/product"}],"replies":[{"embeddable":true,"href":"https:\/\/uj.adatbank.ro\/lexikon\/wp-json\/wp\/v2\/comments?post=18943"}],"wp:attachment":[{"href":"https:\/\/uj.adatbank.ro\/lexikon\/wp-json\/wp\/v2\/media?parent=18943"}],"wp:term":[{"taxonomy":"product_brand","embeddable":true,"href":"https:\/\/uj.adatbank.ro\/lexikon\/wp-json\/wp\/v2\/product_brand?post=18943"},{"taxonomy":"product_cat","embeddable":true,"href":"https:\/\/uj.adatbank.ro\/lexikon\/wp-json\/wp\/v2\/product_cat?post=18943"},{"taxonomy":"product_tag","embeddable":true,"href":"https:\/\/uj.adatbank.ro\/lexikon\/wp-json\/wp\/v2\/product_tag?post=18943"}],"curies":[{"name":"wp","href":"https:\/\/api.w.org\/{rel}","templated":true}]}}