{"id":18948,"date":"2025-07-16T11:11:58","date_gmt":"2025-07-16T09:11:58","guid":{"rendered":"https:\/\/uj.adatbank.ro\/lexikon\/termek\/raffay-adam\/"},"modified":"2025-07-16T11:11:58","modified_gmt":"2025-07-16T09:11:58","slug":"raffay-adam","status":"publish","type":"product","link":"https:\/\/uj.adatbank.ro\/lexikon\/termek\/raffay-adam\/","title":{"rendered":"RAFFAY \u00c1d\u00e1m"},"content":{"rendered":"<p>Cs\u00f3kfalva, 1894., \u2020\u00a0?: f\u00f6ldbirtokos, gazd\u00e1lkod\u00f3. \u2013 Iskol\u00e1i elv\u00e9gz\u00e9se ut\u00e1n a csal\u00e1di birtokon gazd\u00e1lkodott, majd \u00f6n\u00e1ll\u00f3 lett. Az els\u0151 vh.-ban a 22. gy. e.-ben harcolt, megsebes\u00fclt, kit\u00fcntet\u00e9se a kisez\u00fcst, a bronz vit. \u00e9rem \u00e9s a K\u00e1roly Csapatkereszt. A MP tagja, a kultur\u00e1lis \u00e9s szoci\u00e1lis int\u00e9zm\u00e9nyek t\u00e1mogat\u00f3ja volt. <br \/><strong>Irod.:<\/strong> Sz\u00e9kelyf\u00f6ld \u00ed.k<\/br><\/p>\n","protected":false},"excerpt":{"rendered":"<p>Cs\u00f3kfalva, 1894., \u2020\u00a0?: f\u00f6ldbirtokos, gazd\u00e1lkod\u00f3. \u2013 Iskol\u00e1i elv\u00e9gz\u00e9se ut\u00e1n a csal\u00e1di birtokon gazd\u00e1lkodott, majd \u00f6n\u00e1ll\u00f3 lett. Az els\u0151 vh.-ban a 22. gy. e.-ben harcolt, megsebes\u00fclt, kit\u00fcntet\u00e9se a kisez\u00fcst, a bronz vit. \u00e9rem \u00e9s a K\u00e1roly Csapatkereszt. A MP tagja, a kultur\u00e1lis \u00e9s szoci\u00e1lis int\u00e9zm\u00e9nyek t\u00e1mogat\u00f3ja volt. Irod.: Sz\u00e9kelyf\u00f6ld \u00ed.k<\/p>\n","protected":false},"featured_media":0,"comment_status":"open","ping_status":"closed","template":"","meta":[],"product_brand":[],"product_cat":[137],"product_tag":[],"class_list":{"0":"post-18948","1":"product","2":"type-product","3":"status-publish","5":"product_cat-maros-megyei-eletrajzi-lexikon","7":"first","8":"instock","9":"shipping-taxable","10":"product-type-simple"},"_links":{"self":[{"href":"https:\/\/uj.adatbank.ro\/lexikon\/wp-json\/wp\/v2\/product\/18948","targetHints":{"allow":["GET"]}}],"collection":[{"href":"https:\/\/uj.adatbank.ro\/lexikon\/wp-json\/wp\/v2\/product"}],"about":[{"href":"https:\/\/uj.adatbank.ro\/lexikon\/wp-json\/wp\/v2\/types\/product"}],"replies":[{"embeddable":true,"href":"https:\/\/uj.adatbank.ro\/lexikon\/wp-json\/wp\/v2\/comments?post=18948"}],"wp:attachment":[{"href":"https:\/\/uj.adatbank.ro\/lexikon\/wp-json\/wp\/v2\/media?parent=18948"}],"wp:term":[{"taxonomy":"product_brand","embeddable":true,"href":"https:\/\/uj.adatbank.ro\/lexikon\/wp-json\/wp\/v2\/product_brand?post=18948"},{"taxonomy":"product_cat","embeddable":true,"href":"https:\/\/uj.adatbank.ro\/lexikon\/wp-json\/wp\/v2\/product_cat?post=18948"},{"taxonomy":"product_tag","embeddable":true,"href":"https:\/\/uj.adatbank.ro\/lexikon\/wp-json\/wp\/v2\/product_tag?post=18948"}],"curies":[{"name":"wp","href":"https:\/\/api.w.org\/{rel}","templated":true}]}}