{"id":18949,"date":"2025-07-16T11:12:01","date_gmt":"2025-07-16T09:12:01","guid":{"rendered":"https:\/\/uj.adatbank.ro\/lexikon\/termek\/raffay-andras\/"},"modified":"2025-07-16T11:12:01","modified_gmt":"2025-07-16T09:12:01","slug":"raffay-andras","status":"publish","type":"product","link":"https:\/\/uj.adatbank.ro\/lexikon\/termek\/raffay-andras\/","title":{"rendered":"RAFFAY Andr\u00e1s"},"content":{"rendered":"<p>Cs\u00f3kfalva, 1892., \u20201976\u00a0?: gazd\u00e1lkod\u00f3, m\u00e9rn\u00f6k. \u2013 Iskol\u00e1i elv\u00e9gz\u00e9se ut\u00e1n gazd\u00e1lkodni tanult, majd \u00f6n\u00e1ll\u00f3 lett Az els\u0151 vh.-ban a 12. t\u00fcz\u00e9rezredben harcolt, a K\u00e1roly Csapatkereszt tulajdonosa. A MP tgaja, hazafias \u00e9s kultur\u00e1lis egyes\u00fcletek t\u00e1mogat\u00f3ja volt. <br \/><strong>Irod.:<\/strong> Kelemen, Sz\u00e9kelyf\u00f6ld \u00ed.k<\/br><\/p>\n","protected":false},"excerpt":{"rendered":"<p>Cs\u00f3kfalva, 1892., \u20201976\u00a0?: gazd\u00e1lkod\u00f3, m\u00e9rn\u00f6k. \u2013 Iskol\u00e1i elv\u00e9gz\u00e9se ut\u00e1n gazd\u00e1lkodni tanult, majd \u00f6n\u00e1ll\u00f3 lett Az els\u0151 vh.-ban a 12. t\u00fcz\u00e9rezredben harcolt, a K\u00e1roly Csapatkereszt tulajdonosa. A MP tgaja, hazafias \u00e9s kultur\u00e1lis egyes\u00fcletek t\u00e1mogat\u00f3ja volt. Irod.: Kelemen, Sz\u00e9kelyf\u00f6ld \u00ed.k<\/p>\n","protected":false},"featured_media":0,"comment_status":"open","ping_status":"closed","template":"","meta":[],"product_brand":[],"product_cat":[137],"product_tag":[],"class_list":{"0":"post-18949","1":"product","2":"type-product","3":"status-publish","5":"product_cat-maros-megyei-eletrajzi-lexikon","7":"first","8":"instock","9":"shipping-taxable","10":"product-type-simple"},"_links":{"self":[{"href":"https:\/\/uj.adatbank.ro\/lexikon\/wp-json\/wp\/v2\/product\/18949","targetHints":{"allow":["GET"]}}],"collection":[{"href":"https:\/\/uj.adatbank.ro\/lexikon\/wp-json\/wp\/v2\/product"}],"about":[{"href":"https:\/\/uj.adatbank.ro\/lexikon\/wp-json\/wp\/v2\/types\/product"}],"replies":[{"embeddable":true,"href":"https:\/\/uj.adatbank.ro\/lexikon\/wp-json\/wp\/v2\/comments?post=18949"}],"wp:attachment":[{"href":"https:\/\/uj.adatbank.ro\/lexikon\/wp-json\/wp\/v2\/media?parent=18949"}],"wp:term":[{"taxonomy":"product_brand","embeddable":true,"href":"https:\/\/uj.adatbank.ro\/lexikon\/wp-json\/wp\/v2\/product_brand?post=18949"},{"taxonomy":"product_cat","embeddable":true,"href":"https:\/\/uj.adatbank.ro\/lexikon\/wp-json\/wp\/v2\/product_cat?post=18949"},{"taxonomy":"product_tag","embeddable":true,"href":"https:\/\/uj.adatbank.ro\/lexikon\/wp-json\/wp\/v2\/product_tag?post=18949"}],"curies":[{"name":"wp","href":"https:\/\/api.w.org\/{rel}","templated":true}]}}