{"id":18952,"date":"2025-07-16T11:12:09","date_gmt":"2025-07-16T09:12:09","guid":{"rendered":"https:\/\/uj.adatbank.ro\/lexikon\/termek\/raft-karoly\/"},"modified":"2025-07-16T11:12:09","modified_gmt":"2025-07-16T09:12:09","slug":"raft-karoly","status":"publish","type":"product","link":"https:\/\/uj.adatbank.ro\/lexikon\/termek\/raft-karoly\/","title":{"rendered":"RAFT K\u00e1roly"},"content":{"rendered":"<p>? \u2020\u00a0?:. <br \/><strong>Irod.:<\/strong> Miksa Gy\u00f6rgy\u00a0: Magyar t\u00f6rt\u00e9nelmi eml\u00e9kek k\u00fclf\u00f6ld\u00f6n (Kv., 1868)<\/br><\/p>\n","protected":false},"excerpt":{"rendered":"<p>? \u2020\u00a0?:. Irod.: Miksa Gy\u00f6rgy\u00a0: Magyar t\u00f6rt\u00e9nelmi eml\u00e9kek k\u00fclf\u00f6ld\u00f6n (Kv., 1868)<\/p>\n","protected":false},"featured_media":0,"comment_status":"open","ping_status":"closed","template":"","meta":[],"product_brand":[],"product_cat":[137],"product_tag":[],"class_list":{"0":"post-18952","1":"product","2":"type-product","3":"status-publish","5":"product_cat-maros-megyei-eletrajzi-lexikon","7":"first","8":"instock","9":"shipping-taxable","10":"product-type-simple"},"_links":{"self":[{"href":"https:\/\/uj.adatbank.ro\/lexikon\/wp-json\/wp\/v2\/product\/18952","targetHints":{"allow":["GET"]}}],"collection":[{"href":"https:\/\/uj.adatbank.ro\/lexikon\/wp-json\/wp\/v2\/product"}],"about":[{"href":"https:\/\/uj.adatbank.ro\/lexikon\/wp-json\/wp\/v2\/types\/product"}],"replies":[{"embeddable":true,"href":"https:\/\/uj.adatbank.ro\/lexikon\/wp-json\/wp\/v2\/comments?post=18952"}],"wp:attachment":[{"href":"https:\/\/uj.adatbank.ro\/lexikon\/wp-json\/wp\/v2\/media?parent=18952"}],"wp:term":[{"taxonomy":"product_brand","embeddable":true,"href":"https:\/\/uj.adatbank.ro\/lexikon\/wp-json\/wp\/v2\/product_brand?post=18952"},{"taxonomy":"product_cat","embeddable":true,"href":"https:\/\/uj.adatbank.ro\/lexikon\/wp-json\/wp\/v2\/product_cat?post=18952"},{"taxonomy":"product_tag","embeddable":true,"href":"https:\/\/uj.adatbank.ro\/lexikon\/wp-json\/wp\/v2\/product_tag?post=18952"}],"curies":[{"name":"wp","href":"https:\/\/api.w.org\/{rel}","templated":true}]}}