{"id":18953,"date":"2025-07-16T11:12:10","date_gmt":"2025-07-16T09:12:10","guid":{"rendered":"https:\/\/uj.adatbank.ro\/lexikon\/termek\/raholcai-tot-lokos\/"},"modified":"2025-07-16T11:12:10","modified_gmt":"2025-07-16T09:12:10","slug":"raholcai-tot-lokos","status":"publish","type":"product","link":"https:\/\/uj.adatbank.ro\/lexikon\/termek\/raholcai-tot-lokos\/","title":{"rendered":"RAHOLCAI \u201eT\u00f3t\u201d L\u0151k\u00f6s"},"content":{"rendered":"<p>sz\u00e9kely isp\u00e1n 1352. nov. 23.\u20131355. dec. 21.- ben.: \u2013 Irod..: Sz\u00e9kelyf\u00f6ld t\u00f6rt..1.<\/br><\/p>\n","protected":false},"excerpt":{"rendered":"<p>sz\u00e9kely isp\u00e1n 1352. nov. 23.\u20131355. dec. 21.- ben.: \u2013 Irod..: Sz\u00e9kelyf\u00f6ld t\u00f6rt..1.<\/p>\n","protected":false},"featured_media":0,"comment_status":"open","ping_status":"closed","template":"","meta":[],"product_brand":[],"product_cat":[137],"product_tag":[],"class_list":{"0":"post-18953","1":"product","2":"type-product","3":"status-publish","5":"product_cat-maros-megyei-eletrajzi-lexikon","7":"first","8":"instock","9":"shipping-taxable","10":"product-type-simple"},"_links":{"self":[{"href":"https:\/\/uj.adatbank.ro\/lexikon\/wp-json\/wp\/v2\/product\/18953","targetHints":{"allow":["GET"]}}],"collection":[{"href":"https:\/\/uj.adatbank.ro\/lexikon\/wp-json\/wp\/v2\/product"}],"about":[{"href":"https:\/\/uj.adatbank.ro\/lexikon\/wp-json\/wp\/v2\/types\/product"}],"replies":[{"embeddable":true,"href":"https:\/\/uj.adatbank.ro\/lexikon\/wp-json\/wp\/v2\/comments?post=18953"}],"wp:attachment":[{"href":"https:\/\/uj.adatbank.ro\/lexikon\/wp-json\/wp\/v2\/media?parent=18953"}],"wp:term":[{"taxonomy":"product_brand","embeddable":true,"href":"https:\/\/uj.adatbank.ro\/lexikon\/wp-json\/wp\/v2\/product_brand?post=18953"},{"taxonomy":"product_cat","embeddable":true,"href":"https:\/\/uj.adatbank.ro\/lexikon\/wp-json\/wp\/v2\/product_cat?post=18953"},{"taxonomy":"product_tag","embeddable":true,"href":"https:\/\/uj.adatbank.ro\/lexikon\/wp-json\/wp\/v2\/product_tag?post=18953"}],"curies":[{"name":"wp","href":"https:\/\/api.w.org\/{rel}","templated":true}]}}