{"id":18954,"date":"2025-07-16T11:12:12","date_gmt":"2025-07-16T09:12:12","guid":{"rendered":"https:\/\/uj.adatbank.ro\/lexikon\/termek\/raica-ioan\/"},"modified":"2025-07-16T11:12:12","modified_gmt":"2025-07-16T09:12:12","slug":"raica-ioan","status":"publish","type":"product","link":"https:\/\/uj.adatbank.ro\/lexikon\/termek\/raica-ioan\/","title":{"rendered":"RAICA, Ioan"},"content":{"rendered":"<p>? \u2020\u00a0?: katona. \u2013 Nyugd\u00edjas \u0151rmester (1848), elmenek\u00fclt Szebenbe (1849. jan.), a vagyon\u00e1t Z\u00f6ld \u00c1d\u00e1mra b\u00edzta, akit letart\u00f3ztattak rom\u00e1n vagyon rejteget\u00e9se miatt, \u00e1r\u00fal\u00f3nak min\u0151s\u00edtett\u00e9k \u00e9s a v\u00e1rosi tan\u00e1cs tags\u00e1g\u00e1r\u00f3l lemondatt\u00e1k. <br \/><strong>Irod.:<\/strong> 1848\u20131849 Transilvania<\/br><\/p>\n","protected":false},"excerpt":{"rendered":"<p>? \u2020\u00a0?: katona. \u2013 Nyugd\u00edjas \u0151rmester (1848), elmenek\u00fclt Szebenbe (1849. jan.), a vagyon\u00e1t Z\u00f6ld \u00c1d\u00e1mra b\u00edzta, akit letart\u00f3ztattak rom\u00e1n vagyon rejteget\u00e9se miatt, \u00e1r\u00fal\u00f3nak min\u0151s\u00edtett\u00e9k \u00e9s a v\u00e1rosi tan\u00e1cs tags\u00e1g\u00e1r\u00f3l lemondatt\u00e1k. Irod.: 1848\u20131849 Transilvania<\/p>\n","protected":false},"featured_media":0,"comment_status":"open","ping_status":"closed","template":"","meta":[],"product_brand":[],"product_cat":[137],"product_tag":[],"class_list":{"0":"post-18954","1":"product","2":"type-product","3":"status-publish","5":"product_cat-maros-megyei-eletrajzi-lexikon","7":"first","8":"instock","9":"shipping-taxable","10":"product-type-simple"},"_links":{"self":[{"href":"https:\/\/uj.adatbank.ro\/lexikon\/wp-json\/wp\/v2\/product\/18954","targetHints":{"allow":["GET"]}}],"collection":[{"href":"https:\/\/uj.adatbank.ro\/lexikon\/wp-json\/wp\/v2\/product"}],"about":[{"href":"https:\/\/uj.adatbank.ro\/lexikon\/wp-json\/wp\/v2\/types\/product"}],"replies":[{"embeddable":true,"href":"https:\/\/uj.adatbank.ro\/lexikon\/wp-json\/wp\/v2\/comments?post=18954"}],"wp:attachment":[{"href":"https:\/\/uj.adatbank.ro\/lexikon\/wp-json\/wp\/v2\/media?parent=18954"}],"wp:term":[{"taxonomy":"product_brand","embeddable":true,"href":"https:\/\/uj.adatbank.ro\/lexikon\/wp-json\/wp\/v2\/product_brand?post=18954"},{"taxonomy":"product_cat","embeddable":true,"href":"https:\/\/uj.adatbank.ro\/lexikon\/wp-json\/wp\/v2\/product_cat?post=18954"},{"taxonomy":"product_tag","embeddable":true,"href":"https:\/\/uj.adatbank.ro\/lexikon\/wp-json\/wp\/v2\/product_tag?post=18954"}],"curies":[{"name":"wp","href":"https:\/\/api.w.org\/{rel}","templated":true}]}}