{"id":18955,"date":"2025-07-16T11:12:15","date_gmt":"2025-07-16T09:12:15","guid":{"rendered":"https:\/\/uj.adatbank.ro\/lexikon\/termek\/raica-teodor\/"},"modified":"2025-07-16T11:12:15","modified_gmt":"2025-07-16T09:12:15","slug":"raica-teodor","status":"publish","type":"product","link":"https:\/\/uj.adatbank.ro\/lexikon\/termek\/raica-teodor\/","title":{"rendered":"RAICA, Teodor"},"content":{"rendered":"<p>Harc\u00f3, 1860. \u00e1pr. 29., \u2020\u00a0?: tan\u00e1r, politikus. \u2013 L\u00edc.-ot Bal\u00e1zsfalv\u00e1n, jogot Kv.-on v\u00e9gzett. Buk.-ben filol\u00f3giai diplom\u00e1t szerzett (1885\u201389). Helyettes romm\u00e1ntan\u00e1r Ploie\u015ften (1889\u2013). Szen\u00e1tor. \u2013 F. m.\u00a0: Rolul principiului analogic pe terenul flexiunii rom\u00e2ne (Ploie\u015fti, 1890); Studii literare (1897); Rolul lui D. A.Sturdza \u00een chestiunea na\u0163ional\u0103 (1899); Domnia f\u0103r\u0103delegilor (Buc., 1902); Politica \u015fi \u015fcoala: studiu polemic (Ploie\u015fti, 1903); Judecata profesorilor sub \u201eOmul \u015fcolii\u201d (1904); Abuzurile dela Serviciul filoxeric sau viticol (Buc., 1907). <br \/><strong>Irod.:<\/strong> F\u00fcl\u00f6p\u2013Ferencz; Predescu; Todea 2013<\/br><\/p>\n","protected":false},"excerpt":{"rendered":"<p>Harc\u00f3, 1860. \u00e1pr. 29., \u2020\u00a0?: tan\u00e1r, politikus. \u2013 L\u00edc.-ot Bal\u00e1zsfalv\u00e1n, jogot Kv.-on v\u00e9gzett. Buk.-ben filol\u00f3giai diplom\u00e1t szerzett (1885\u201389). Helyettes romm\u00e1ntan\u00e1r Ploie\u015ften (1889\u2013). Szen\u00e1tor. \u2013 F. m.\u00a0: Rolul principiului analogic pe terenul flexiunii rom\u00e2ne (Ploie\u015fti, 1890); Studii literare (1897); Rolul lui D. A.Sturdza \u00een chestiunea na\u0163ional\u0103 (1899); Domnia f\u0103r\u0103delegilor (Buc., 1902); Politica \u015fi \u015fcoala: studiu polemic [&hellip;]<\/p>\n","protected":false},"featured_media":0,"comment_status":"open","ping_status":"closed","template":"","meta":[],"product_brand":[],"product_cat":[137],"product_tag":[],"class_list":{"0":"post-18955","1":"product","2":"type-product","3":"status-publish","5":"product_cat-maros-megyei-eletrajzi-lexikon","7":"first","8":"instock","9":"shipping-taxable","10":"product-type-simple"},"_links":{"self":[{"href":"https:\/\/uj.adatbank.ro\/lexikon\/wp-json\/wp\/v2\/product\/18955","targetHints":{"allow":["GET"]}}],"collection":[{"href":"https:\/\/uj.adatbank.ro\/lexikon\/wp-json\/wp\/v2\/product"}],"about":[{"href":"https:\/\/uj.adatbank.ro\/lexikon\/wp-json\/wp\/v2\/types\/product"}],"replies":[{"embeddable":true,"href":"https:\/\/uj.adatbank.ro\/lexikon\/wp-json\/wp\/v2\/comments?post=18955"}],"wp:attachment":[{"href":"https:\/\/uj.adatbank.ro\/lexikon\/wp-json\/wp\/v2\/media?parent=18955"}],"wp:term":[{"taxonomy":"product_brand","embeddable":true,"href":"https:\/\/uj.adatbank.ro\/lexikon\/wp-json\/wp\/v2\/product_brand?post=18955"},{"taxonomy":"product_cat","embeddable":true,"href":"https:\/\/uj.adatbank.ro\/lexikon\/wp-json\/wp\/v2\/product_cat?post=18955"},{"taxonomy":"product_tag","embeddable":true,"href":"https:\/\/uj.adatbank.ro\/lexikon\/wp-json\/wp\/v2\/product_tag?post=18955"}],"curies":[{"name":"wp","href":"https:\/\/api.w.org\/{rel}","templated":true}]}}