{"id":18956,"date":"2025-07-16T11:12:17","date_gmt":"2025-07-16T09:12:17","guid":{"rendered":"https:\/\/uj.adatbank.ro\/lexikon\/termek\/raicu-mihai\/"},"modified":"2025-07-16T11:12:17","modified_gmt":"2025-07-16T09:12:17","slug":"raicu-mihai","status":"publish","type":"product","link":"https:\/\/uj.adatbank.ro\/lexikon\/termek\/raicu-mihai\/","title":{"rendered":"RAICU MIHAI"},"content":{"rendered":"<p>? \u2020 ?: rendez\u0151. \u2013 A Mv. \u00c1llami Sz\u00ednh\u00e1z rom\u00e1n tagozat\u00e1n volt rendez\u0151 \u00e9s m\u0171v\u00e9szeti titk\u00e1r (1962- 1964 ).- <strong>F. r.:<\/strong> : Dorel Dorian: Dac\u0103 vei fi \u00eentrebat; Vadim Koros\u00e2liov :Cred \u00een tine; Carlo Goldoni: G\u00e2lcevile din Chioggia. \u2013 Irod : Fodor Zeno<\/br><\/p>\n","protected":false},"excerpt":{"rendered":"<p>? \u2020 ?: rendez\u0151. \u2013 A Mv. \u00c1llami Sz\u00ednh\u00e1z rom\u00e1n tagozat\u00e1n volt rendez\u0151 \u00e9s m\u0171v\u00e9szeti titk\u00e1r (1962- 1964 ).- F. r.: : Dorel Dorian: Dac\u0103 vei fi \u00eentrebat; Vadim Koros\u00e2liov :Cred \u00een tine; Carlo Goldoni: G\u00e2lcevile din Chioggia. \u2013 Irod : Fodor Zeno<\/p>\n","protected":false},"featured_media":0,"comment_status":"open","ping_status":"closed","template":"","meta":[],"product_brand":[],"product_cat":[137],"product_tag":[],"class_list":{"0":"post-18956","1":"product","2":"type-product","3":"status-publish","5":"product_cat-maros-megyei-eletrajzi-lexikon","7":"first","8":"instock","9":"shipping-taxable","10":"product-type-simple"},"_links":{"self":[{"href":"https:\/\/uj.adatbank.ro\/lexikon\/wp-json\/wp\/v2\/product\/18956","targetHints":{"allow":["GET"]}}],"collection":[{"href":"https:\/\/uj.adatbank.ro\/lexikon\/wp-json\/wp\/v2\/product"}],"about":[{"href":"https:\/\/uj.adatbank.ro\/lexikon\/wp-json\/wp\/v2\/types\/product"}],"replies":[{"embeddable":true,"href":"https:\/\/uj.adatbank.ro\/lexikon\/wp-json\/wp\/v2\/comments?post=18956"}],"wp:attachment":[{"href":"https:\/\/uj.adatbank.ro\/lexikon\/wp-json\/wp\/v2\/media?parent=18956"}],"wp:term":[{"taxonomy":"product_brand","embeddable":true,"href":"https:\/\/uj.adatbank.ro\/lexikon\/wp-json\/wp\/v2\/product_brand?post=18956"},{"taxonomy":"product_cat","embeddable":true,"href":"https:\/\/uj.adatbank.ro\/lexikon\/wp-json\/wp\/v2\/product_cat?post=18956"},{"taxonomy":"product_tag","embeddable":true,"href":"https:\/\/uj.adatbank.ro\/lexikon\/wp-json\/wp\/v2\/product_tag?post=18956"}],"curies":[{"name":"wp","href":"https:\/\/api.w.org\/{rel}","templated":true}]}}